{"id":22088,"date":"2023-10-14T09:09:04","date_gmt":"2023-10-14T07:09:04","guid":{"rendered":"http:\/\/audiohypnosis.online\/product\/besser-golfen\/"},"modified":"2023-10-14T09:09:04","modified_gmt":"2023-10-14T07:09:04","slug":"besser-golfen","status":"publish","type":"product","link":"https:\/\/audiohypnosis.online\/de\/produkt\/besser-golfen\/","title":{"rendered":"Besser golfen"},"content":{"rendered":"<p>M\u00f6chten Sie Ihr Golfspiel verbessern? Unsere Audio-Hypnose-MP3s k\u00f6nnen Ihnen helfen, Ihre Konzentration, Ihr K\u00f6nnen und Ihre Gesamtleistung zu verbessern. Beginnen Sie Ihre Reise zu einem besseren Golferlebnis noch heute. Das Paket enth\u00e4lt 6 Audiodateien und ein Handbuch f\u00fcr beste Ergebnisse.<\/p>\n","protected":false},"excerpt":{"rendered":"<p>M\u00f6chten Sie Ihr Golfspiel verbessern?<\/p>\n","protected":false},"featured_media":14231,"comment_status":"closed","ping_status":"closed","template":"","meta":[],"language":[1638,1558,2739],"product_cat":[1499],"product_tag":[1559,1562,1561,1560,2173],"class_list":{"0":"post-22088","1":"product","2":"type-product","3":"status-publish","4":"has-post-thumbnail","6":"language-de-de-2","7":"language-nl-de","8":"language-serbisch","9":"product_cat-sport-und-spiele","10":"product_tag-freizeit","11":"product_tag-geschicklichkeit","12":"product_tag-golf-de","13":"product_tag-sport-de","14":"product_tag-verbesserung","15":"pa_languages-deutsch","16":"pa_languages-niederlandisch","17":"pa_languages-serbisch","19":"entry","20":"has-media","22":"first","23":"instock","24":"purchasable","25":"product-type-variable","26":"has-product-nav","27":"col","28":"span_1_of_4","29":"owp-content-center","30":"owp-thumbs-layout-horizontal","31":"owp-btn-big","32":"owp-tabs-layout-vertical","33":"has-no-thumbnails"},"acf":[],"aioseo_notices":[],"_links":{"self":[{"href":"https:\/\/audiohypnosis.online\/de\/wp-json\/wp\/v2\/product\/22088","targetHints":{"allow":["GET"]}}],"collection":[{"href":"https:\/\/audiohypnosis.online\/de\/wp-json\/wp\/v2\/product"}],"about":[{"href":"https:\/\/audiohypnosis.online\/de\/wp-json\/wp\/v2\/types\/product"}],"replies":[{"embeddable":true,"href":"https:\/\/audiohypnosis.online\/de\/wp-json\/wp\/v2\/comments?post=22088"}],"version-history":[{"count":0,"href":"https:\/\/audiohypnosis.online\/de\/wp-json\/wp\/v2\/product\/22088\/revisions"}],"wp:featuredmedia":[{"embeddable":true,"href":"https:\/\/audiohypnosis.online\/de\/wp-json\/wp\/v2\/media\/14231"}],"wp:attachment":[{"href":"https:\/\/audiohypnosis.online\/de\/wp-json\/wp\/v2\/media?parent=22088"}],"wp:term":[{"taxonomy":"language","embeddable":true,"href":"https:\/\/audiohypnosis.online\/de\/wp-json\/wp\/v2\/language?post=22088"},{"taxonomy":"product_cat","embeddable":true,"href":"https:\/\/audiohypnosis.online\/de\/wp-json\/wp\/v2\/product_cat?post=22088"},{"taxonomy":"product_tag","embeddable":true,"href":"https:\/\/audiohypnosis.online\/de\/wp-json\/wp\/v2\/product_tag?post=22088"}],"curies":[{"name":"wp","href":"https:\/\/api.w.org\/{rel}","templated":true}]}}