{"id":22055,"date":"2023-10-14T09:09:04","date_gmt":"2023-10-14T07:09:04","guid":{"rendered":"http:\/\/audiohypnosis.online\/product\/angst-vor-spinnen\/"},"modified":"2023-10-14T09:09:04","modified_gmt":"2023-10-14T07:09:04","slug":"angst-vor-spinnen","status":"publish","type":"product","link":"https:\/\/audiohypnosis.online\/de\/produkt\/angst-vor-spinnen\/","title":{"rendered":"Angst vor Spinnen"},"content":{"rendered":"<p>Spinnen machen Ihnen eine G\u00e4nsehaut? Mit unseren Audio-Hypnose-Sitzungen k\u00f6nnen Sie die Kontrolle \u00fcber Ihre Angst gewinnen. Unser Paket enth\u00e4lt 6 verschiedene Audio-MP3s, um Ihren Bed\u00fcrfnissen gerecht zu werden, und ein Handbuch f\u00fcr beste Ergebnisse.<\/p>\n","protected":false},"excerpt":{"rendered":"<p>Spinnen machen Ihnen Angst?<\/p>\n","protected":false},"featured_media":14267,"comment_status":"closed","ping_status":"closed","template":"","meta":[],"language":[1638,1662,1558,2739],"product_cat":[1490],"product_tag":[1606,1607,1608,2170,1640],"class_list":{"0":"post-22055","1":"product","2":"type-product","3":"status-publish","4":"has-post-thumbnail","6":"language-de-de-2","7":"language-fr-de","8":"language-nl-de","9":"language-serbisch","10":"product_cat-aengste-und-phobien","11":"product_tag-angste","12":"product_tag-furcht","13":"product_tag-phobie-de","14":"product_tag-spinnen-de","15":"product_tag-wohlbefinden","16":"pa_languages-deutsch","17":"pa_languages-franzosisch","18":"pa_languages-niederlandisch","19":"pa_languages-serbisch","21":"entry","22":"has-media","24":"first","25":"instock","26":"purchasable","27":"product-type-variable","28":"has-product-nav","29":"col","30":"span_1_of_4","31":"owp-content-center","32":"owp-thumbs-layout-horizontal","33":"owp-btn-big","34":"owp-tabs-layout-vertical","35":"has-no-thumbnails"},"acf":[],"aioseo_notices":[],"_links":{"self":[{"href":"https:\/\/audiohypnosis.online\/de\/wp-json\/wp\/v2\/product\/22055","targetHints":{"allow":["GET"]}}],"collection":[{"href":"https:\/\/audiohypnosis.online\/de\/wp-json\/wp\/v2\/product"}],"about":[{"href":"https:\/\/audiohypnosis.online\/de\/wp-json\/wp\/v2\/types\/product"}],"replies":[{"embeddable":true,"href":"https:\/\/audiohypnosis.online\/de\/wp-json\/wp\/v2\/comments?post=22055"}],"version-history":[{"count":0,"href":"https:\/\/audiohypnosis.online\/de\/wp-json\/wp\/v2\/product\/22055\/revisions"}],"wp:featuredmedia":[{"embeddable":true,"href":"https:\/\/audiohypnosis.online\/de\/wp-json\/wp\/v2\/media\/14267"}],"wp:attachment":[{"href":"https:\/\/audiohypnosis.online\/de\/wp-json\/wp\/v2\/media?parent=22055"}],"wp:term":[{"taxonomy":"language","embeddable":true,"href":"https:\/\/audiohypnosis.online\/de\/wp-json\/wp\/v2\/language?post=22055"},{"taxonomy":"product_cat","embeddable":true,"href":"https:\/\/audiohypnosis.online\/de\/wp-json\/wp\/v2\/product_cat?post=22055"},{"taxonomy":"product_tag","embeddable":true,"href":"https:\/\/audiohypnosis.online\/de\/wp-json\/wp\/v2\/product_tag?post=22055"}],"curies":[{"name":"wp","href":"https:\/\/api.w.org\/{rel}","templated":true}]}}