{"id":22023,"date":"2023-10-14T09:09:04","date_gmt":"2023-10-14T07:09:04","guid":{"rendered":"http:\/\/audiohypnosis.online\/product\/angst-vor-nadeln-injektionen\/"},"modified":"2023-10-14T09:09:04","modified_gmt":"2023-10-14T07:09:04","slug":"angst-vor-nadeln-injektionen","status":"publish","type":"product","link":"https:\/\/audiohypnosis.online\/de\/produkt\/angst-vor-nadeln-injektionen\/","title":{"rendered":"Angst vor Nadeln\/Injektionen"},"content":{"rendered":"<p>Haben Sie Angst vor Nadeln und Injektionen? Unsere Audio-Hypnose-MP3s k\u00f6nnen Sie dabei unterst\u00fctzen, diese Angst zu \u00fcberwinden. Mit 6 herunterladbaren Audiodateien und einem Handbuch f\u00fcr die besten Praktiken k\u00f6nnen Sie endlich medizinische Verfahren ohne Angst angehen.<\/p>\n","protected":false},"excerpt":{"rendered":"<p>Angst vor Nadeln oder Injektionen?<\/p>\n","protected":false},"featured_media":13961,"comment_status":"closed","ping_status":"closed","template":"","meta":[],"language":[1638,1558],"product_cat":[1490],"product_tag":[1606,1607,1639,2166,1608],"class_list":{"0":"post-22023","1":"product","2":"type-product","3":"status-publish","4":"has-post-thumbnail","6":"language-de-de-2","7":"language-nl-de","8":"product_cat-aengste-und-phobien","9":"product_tag-angste","10":"product_tag-furcht","11":"product_tag-gesundheit","12":"product_tag-nadeln","13":"product_tag-phobie-de","14":"pa_languages-deutsch","15":"pa_languages-niederlandisch","17":"entry","18":"has-media","20":"first","21":"instock","22":"purchasable","23":"product-type-variable","24":"has-product-nav","25":"col","26":"span_1_of_4","27":"owp-content-center","28":"owp-thumbs-layout-horizontal","29":"owp-btn-big","30":"owp-tabs-layout-vertical","31":"has-no-thumbnails"},"acf":[],"aioseo_notices":[],"_links":{"self":[{"href":"https:\/\/audiohypnosis.online\/de\/wp-json\/wp\/v2\/product\/22023","targetHints":{"allow":["GET"]}}],"collection":[{"href":"https:\/\/audiohypnosis.online\/de\/wp-json\/wp\/v2\/product"}],"about":[{"href":"https:\/\/audiohypnosis.online\/de\/wp-json\/wp\/v2\/types\/product"}],"replies":[{"embeddable":true,"href":"https:\/\/audiohypnosis.online\/de\/wp-json\/wp\/v2\/comments?post=22023"}],"version-history":[{"count":0,"href":"https:\/\/audiohypnosis.online\/de\/wp-json\/wp\/v2\/product\/22023\/revisions"}],"wp:featuredmedia":[{"embeddable":true,"href":"https:\/\/audiohypnosis.online\/de\/wp-json\/wp\/v2\/media\/13961"}],"wp:attachment":[{"href":"https:\/\/audiohypnosis.online\/de\/wp-json\/wp\/v2\/media?parent=22023"}],"wp:term":[{"taxonomy":"language","embeddable":true,"href":"https:\/\/audiohypnosis.online\/de\/wp-json\/wp\/v2\/language?post=22023"},{"taxonomy":"product_cat","embeddable":true,"href":"https:\/\/audiohypnosis.online\/de\/wp-json\/wp\/v2\/product_cat?post=22023"},{"taxonomy":"product_tag","embeddable":true,"href":"https:\/\/audiohypnosis.online\/de\/wp-json\/wp\/v2\/product_tag?post=22023"}],"curies":[{"name":"wp","href":"https:\/\/api.w.org\/{rel}","templated":true}]}}