{"id":21991,"date":"2023-10-14T09:09:04","date_gmt":"2023-10-14T07:09:04","guid":{"rendered":"http:\/\/audiohypnosis.online\/product\/angst-vor-hunden-2\/"},"modified":"2023-10-14T09:09:04","modified_gmt":"2023-10-14T07:09:04","slug":"angst-vor-hunden-2","status":"publish","type":"product","link":"https:\/\/audiohypnosis.online\/de\/produkt\/angst-vor-hunden-2\/","title":{"rendered":"Angst vor Hunden"},"content":{"rendered":"<p>Sind Hunde f\u00fcr Sie eine st\u00e4ndige Quelle der Angst? Unsere Audio-Hypnosesitzungen sollen Ihnen helfen, sich in der N\u00e4he von Hunden wohl zu f\u00fchlen. Durchbrechen Sie den Kreislauf der Angst und genie\u00dfen Sie einen entspannteren Geisteszustand. Unser Paket enth\u00e4lt 6 herunterladbare Audiodateien und ein Handbuch f\u00fcr maximale Effektivit\u00e4t.<\/p>\n","protected":false},"excerpt":{"rendered":"<p>\u00c4ngstlich in der N\u00e4he von Hunden?<\/p>\n","protected":false},"featured_media":14261,"comment_status":"closed","ping_status":"closed","template":"","meta":[],"language":[1558,2739],"product_cat":[1490],"product_tag":[1606,1607,2162,1608,1640],"class_list":{"0":"post-21991","1":"product","2":"type-product","3":"status-publish","4":"has-post-thumbnail","6":"language-nl-de","7":"language-serbisch","8":"product_cat-aengste-und-phobien","9":"product_tag-angste","10":"product_tag-furcht","11":"product_tag-hunde","12":"product_tag-phobie-de","13":"product_tag-wohlbefinden","14":"pa_languages-niederlandisch","15":"pa_languages-serbisch","17":"entry","18":"has-media","20":"first","21":"instock","22":"purchasable","23":"product-type-variable","24":"has-product-nav","25":"col","26":"span_1_of_4","27":"owp-content-center","28":"owp-thumbs-layout-horizontal","29":"owp-btn-big","30":"owp-tabs-layout-vertical","31":"has-no-thumbnails"},"acf":[],"aioseo_notices":[],"_links":{"self":[{"href":"https:\/\/audiohypnosis.online\/de\/wp-json\/wp\/v2\/product\/21991","targetHints":{"allow":["GET"]}}],"collection":[{"href":"https:\/\/audiohypnosis.online\/de\/wp-json\/wp\/v2\/product"}],"about":[{"href":"https:\/\/audiohypnosis.online\/de\/wp-json\/wp\/v2\/types\/product"}],"replies":[{"embeddable":true,"href":"https:\/\/audiohypnosis.online\/de\/wp-json\/wp\/v2\/comments?post=21991"}],"version-history":[{"count":0,"href":"https:\/\/audiohypnosis.online\/de\/wp-json\/wp\/v2\/product\/21991\/revisions"}],"wp:featuredmedia":[{"embeddable":true,"href":"https:\/\/audiohypnosis.online\/de\/wp-json\/wp\/v2\/media\/14261"}],"wp:attachment":[{"href":"https:\/\/audiohypnosis.online\/de\/wp-json\/wp\/v2\/media?parent=21991"}],"wp:term":[{"taxonomy":"language","embeddable":true,"href":"https:\/\/audiohypnosis.online\/de\/wp-json\/wp\/v2\/language?post=21991"},{"taxonomy":"product_cat","embeddable":true,"href":"https:\/\/audiohypnosis.online\/de\/wp-json\/wp\/v2\/product_cat?post=21991"},{"taxonomy":"product_tag","embeddable":true,"href":"https:\/\/audiohypnosis.online\/de\/wp-json\/wp\/v2\/product_tag?post=21991"}],"curies":[{"name":"wp","href":"https:\/\/api.w.org\/{rel}","templated":true}]}}