{"id":21959,"date":"2023-10-14T09:09:04","date_gmt":"2023-10-14T07:09:04","guid":{"rendered":"http:\/\/audiohypnosis.online\/product\/angst-vor-der-dunkelheit\/"},"modified":"2023-10-14T09:09:04","modified_gmt":"2023-10-14T07:09:04","slug":"angst-vor-dunkelheit","status":"publish","type":"product","link":"https:\/\/audiohypnosis.online\/de\/produkt\/angst-vor-dunkelheit\/","title":{"rendered":"Angst vor der Dunkelheit"},"content":{"rendered":"<p>Haben Sie Angst vor der Dunkelheit? Unsere Audio-Hypnose-MP3s sollen Ihnen helfen, diese Angst zu \u00fcberwinden. F\u00fchlen Sie sich bei allen Lichtverh\u00e4ltnissen wohl und sicher. Sie erhalten Zugang zu 6 herunterladbaren Audiodateien, zusammen mit einem Handbuch, das Ihnen hilft, das Beste aus Ihrer Hypnoseerfahrung zu machen.<\/p>\n","protected":false},"excerpt":{"rendered":"<p>K\u00e4mpfen Sie mit Ihrer Angst vor der Dunkelheit?<\/p>\n","protected":false},"featured_media":14255,"comment_status":"closed","ping_status":"closed","template":"","meta":[],"language":[1638,2096,1662,3055,1558,2739,2104],"product_cat":[1490],"product_tag":[1606,2158,1607,1608,1705],"class_list":{"0":"post-21959","1":"product","2":"type-product","3":"status-publish","4":"has-post-thumbnail","6":"language-de-de-2","7":"language-en-de","8":"language-fr-de","9":"language-it-de","10":"language-nl-de","11":"language-serbisch","12":"language-es-de","13":"product_cat-aengste-und-phobien","14":"product_tag-angste","15":"product_tag-dunkelheit","16":"product_tag-furcht","17":"product_tag-phobie-de","18":"product_tag-schlaf","19":"pa_languages-deutsch","20":"pa_languages-englisch","21":"pa_languages-franzosisch","22":"pa_languages-niederlandisch","23":"pa_languages-polnisch","24":"pa_languages-serbisch","25":"pa_languages-spanisch","26":"pa_languages-ukrainisch","27":"pa_languages-ungarisch","29":"entry","30":"has-media","32":"first","33":"instock","34":"purchasable","35":"product-type-variable","36":"has-product-nav","37":"col","38":"span_1_of_4","39":"owp-content-center","40":"owp-thumbs-layout-horizontal","41":"owp-btn-big","42":"owp-tabs-layout-vertical","43":"has-no-thumbnails"},"acf":[],"aioseo_notices":[],"_links":{"self":[{"href":"https:\/\/audiohypnosis.online\/de\/wp-json\/wp\/v2\/product\/21959","targetHints":{"allow":["GET"]}}],"collection":[{"href":"https:\/\/audiohypnosis.online\/de\/wp-json\/wp\/v2\/product"}],"about":[{"href":"https:\/\/audiohypnosis.online\/de\/wp-json\/wp\/v2\/types\/product"}],"replies":[{"embeddable":true,"href":"https:\/\/audiohypnosis.online\/de\/wp-json\/wp\/v2\/comments?post=21959"}],"version-history":[{"count":0,"href":"https:\/\/audiohypnosis.online\/de\/wp-json\/wp\/v2\/product\/21959\/revisions"}],"wp:featuredmedia":[{"embeddable":true,"href":"https:\/\/audiohypnosis.online\/de\/wp-json\/wp\/v2\/media\/14255"}],"wp:attachment":[{"href":"https:\/\/audiohypnosis.online\/de\/wp-json\/wp\/v2\/media?parent=21959"}],"wp:term":[{"taxonomy":"language","embeddable":true,"href":"https:\/\/audiohypnosis.online\/de\/wp-json\/wp\/v2\/language?post=21959"},{"taxonomy":"product_cat","embeddable":true,"href":"https:\/\/audiohypnosis.online\/de\/wp-json\/wp\/v2\/product_cat?post=21959"},{"taxonomy":"product_tag","embeddable":true,"href":"https:\/\/audiohypnosis.online\/de\/wp-json\/wp\/v2\/product_tag?post=21959"}],"curies":[{"name":"wp","href":"https:\/\/api.w.org\/{rel}","templated":true}]}}