{"id":21895,"date":"2023-10-14T09:09:04","date_gmt":"2023-10-14T07:09:04","guid":{"rendered":"http:\/\/audiohypnosis.online\/product\/angst-vor-dem-sterben\/"},"modified":"2023-10-14T09:09:04","modified_gmt":"2023-10-14T07:09:04","slug":"angst-vor-dem-sterben","status":"publish","type":"product","link":"https:\/\/audiohypnosis.online\/de\/produkt\/angst-vor-dem-sterben\/","title":{"rendered":"Angst vor dem Sterben"},"content":{"rendered":"<p>K\u00e4mpfen Sie mit existenziellen \u00c4ngsten? Unsere Audio-Hypnose-MP3s sollen Ihnen helfen, mit dem unvermeidlichen Aspekt des Lebens zurechtzukommen, mit dem wir alle konfrontiert sind: dem Tod. Gewinnen Sie Seelenfrieden und leben Sie Ihr Leben in vollen Z\u00fcgen, indem Sie sich mit dieser Angst auseinandersetzen und sie reduzieren. Unser Paket enth\u00e4lt 6 herunterladbare Audiodateien in verschiedenen Versionen, um Ihren Bed\u00fcrfnissen gerecht zu werden, zusammen mit einem Handbuch f\u00fcr maximale Effektivit\u00e4t.<\/p>\n","protected":false},"excerpt":{"rendered":"<p>Bef\u00fcrchten Sie, dass Ihre Angst vor dem Sterben Ihr t\u00e4gliches Leben beeintr\u00e4chtigt?<\/p>\n","protected":false},"featured_media":13955,"comment_status":"closed","ping_status":"closed","template":"","meta":[],"language":[1638,2096,1662,1558,2739,2104],"product_cat":[1490],"product_tag":[1606,1607,1608,2150,1640],"class_list":{"0":"post-21895","1":"product","2":"type-product","3":"status-publish","4":"has-post-thumbnail","6":"language-de-de-2","7":"language-en-de","8":"language-fr-de","9":"language-nl-de","10":"language-serbisch","11":"language-es-de","12":"product_cat-aengste-und-phobien","13":"product_tag-angste","14":"product_tag-furcht","15":"product_tag-phobie-de","16":"product_tag-tod","17":"product_tag-wohlbefinden","18":"pa_languages-deutsch","19":"pa_languages-englisch","20":"pa_languages-franzosisch","21":"pa_languages-niederlandisch","22":"pa_languages-polnisch","23":"pa_languages-serbisch","24":"pa_languages-spanisch","25":"pa_languages-ukrainisch","27":"entry","28":"has-media","30":"first","31":"instock","32":"purchasable","33":"product-type-variable","34":"has-product-nav","35":"col","36":"span_1_of_4","37":"owp-content-center","38":"owp-thumbs-layout-horizontal","39":"owp-btn-big","40":"owp-tabs-layout-vertical","41":"has-no-thumbnails"},"acf":[],"aioseo_notices":[],"_links":{"self":[{"href":"https:\/\/audiohypnosis.online\/de\/wp-json\/wp\/v2\/product\/21895","targetHints":{"allow":["GET"]}}],"collection":[{"href":"https:\/\/audiohypnosis.online\/de\/wp-json\/wp\/v2\/product"}],"about":[{"href":"https:\/\/audiohypnosis.online\/de\/wp-json\/wp\/v2\/types\/product"}],"replies":[{"embeddable":true,"href":"https:\/\/audiohypnosis.online\/de\/wp-json\/wp\/v2\/comments?post=21895"}],"version-history":[{"count":0,"href":"https:\/\/audiohypnosis.online\/de\/wp-json\/wp\/v2\/product\/21895\/revisions"}],"wp:featuredmedia":[{"embeddable":true,"href":"https:\/\/audiohypnosis.online\/de\/wp-json\/wp\/v2\/media\/13955"}],"wp:attachment":[{"href":"https:\/\/audiohypnosis.online\/de\/wp-json\/wp\/v2\/media?parent=21895"}],"wp:term":[{"taxonomy":"language","embeddable":true,"href":"https:\/\/audiohypnosis.online\/de\/wp-json\/wp\/v2\/language?post=21895"},{"taxonomy":"product_cat","embeddable":true,"href":"https:\/\/audiohypnosis.online\/de\/wp-json\/wp\/v2\/product_cat?post=21895"},{"taxonomy":"product_tag","embeddable":true,"href":"https:\/\/audiohypnosis.online\/de\/wp-json\/wp\/v2\/product_tag?post=21895"}],"curies":[{"name":"wp","href":"https:\/\/api.w.org\/{rel}","templated":true}]}}