{"id":21863,"date":"2023-08-17T13:19:14","date_gmt":"2023-08-17T11:19:14","guid":{"rendered":"http:\/\/audiohypnosis.online\/product\/weniger-cannabiskonsum-2\/"},"modified":"2023-08-17T13:19:14","modified_gmt":"2023-08-17T11:19:14","slug":"weniger-cannabis-konsum","status":"publish","type":"product","link":"https:\/\/audiohypnosis.online\/de\/produkt\/weniger-cannabis-konsum\/","title":{"rendered":"Weniger Cannabiskonsum"},"content":{"rendered":"<p>M\u00f6chten Sie Ihren \u00fcberm\u00e4\u00dfigen Cannabiskonsum in den Griff bekommen? Unsere Audio-Hypnose-MP3s bieten einen Weg zu ges\u00fcnderen Entscheidungen. Die Zeit ist reif f\u00fcr eine positive Ver\u00e4nderung. Implementieren Sie dauerhafte Ver\u00e4nderungen f\u00fcr einen schnellen und gesunden Erfolg. Wenn Sie Ihren Cannabiskonsum erfolgreich reduzieren, erreichen Sie ein neues Ma\u00df an Freiheit, Kontrolle und Wohlbefinden.<\/p>\n<p>Beginnen Sie Ihre Reise zur Ver\u00e4nderung noch heute. Unsere Audio-Hypnose-MP3s f\u00fchren Sie zu einem ausgewogenen, gesunden Lebensstil.<\/p>\n<p>Wir stellen Ihnen auch ein Handbuch zur Verf\u00fcgung, damit Sie genau wissen, wie Sie die besten Ergebnisse mit unseren Audio-Hypnose-MP3s erzielen.<\/p>\n<p>Sie erhalten Zugang zu 6 herunterladbaren Audiodateien (MP3).<\/p>\n<p>Die Basissitzung (passiv), eine k\u00fcrzere Version (passiv) und eine Sitzung zum Anh\u00f6ren beim Gehen.<\/p>\n","protected":false},"excerpt":{"rendered":"<p>M\u00f6chten Sie Ihren \u00fcberm\u00e4\u00dfigen Cannabiskonsum in den Griff bekommen?<\/p>\n","protected":false},"featured_media":14093,"comment_status":"open","ping_status":"closed","template":"","meta":[],"language":[1662,1558],"product_cat":[1487],"product_tag":[1990,1639,2144,2143,1703,1954,1640],"class_list":{"0":"post-21863","1":"product","2":"type-product","3":"status-publish","4":"has-post-thumbnail","6":"language-fr-de","7":"language-nl-de","8":"product_cat-suechte","9":"product_tag-cannabis-de","10":"product_tag-gesundheit","11":"product_tag-kiffen","12":"product_tag-marihuana-de","13":"product_tag-selbstbeherrschung","14":"product_tag-sucht","15":"product_tag-wohlbefinden","16":"pa_languages-franzosisch","17":"pa_languages-niederlandisch","19":"entry","20":"has-media","22":"first","23":"instock","24":"shipping-taxable","25":"purchasable","26":"product-type-variable","27":"has-product-nav","28":"col","29":"span_1_of_4","30":"owp-content-center","31":"owp-thumbs-layout-horizontal","32":"owp-btn-big","33":"owp-tabs-layout-vertical","34":"has-no-thumbnails"},"acf":[],"aioseo_notices":[],"_links":{"self":[{"href":"https:\/\/audiohypnosis.online\/de\/wp-json\/wp\/v2\/product\/21863","targetHints":{"allow":["GET"]}}],"collection":[{"href":"https:\/\/audiohypnosis.online\/de\/wp-json\/wp\/v2\/product"}],"about":[{"href":"https:\/\/audiohypnosis.online\/de\/wp-json\/wp\/v2\/types\/product"}],"replies":[{"embeddable":true,"href":"https:\/\/audiohypnosis.online\/de\/wp-json\/wp\/v2\/comments?post=21863"}],"version-history":[{"count":0,"href":"https:\/\/audiohypnosis.online\/de\/wp-json\/wp\/v2\/product\/21863\/revisions"}],"wp:featuredmedia":[{"embeddable":true,"href":"https:\/\/audiohypnosis.online\/de\/wp-json\/wp\/v2\/media\/14093"}],"wp:attachment":[{"href":"https:\/\/audiohypnosis.online\/de\/wp-json\/wp\/v2\/media?parent=21863"}],"wp:term":[{"taxonomy":"language","embeddable":true,"href":"https:\/\/audiohypnosis.online\/de\/wp-json\/wp\/v2\/language?post=21863"},{"taxonomy":"product_cat","embeddable":true,"href":"https:\/\/audiohypnosis.online\/de\/wp-json\/wp\/v2\/product_cat?post=21863"},{"taxonomy":"product_tag","embeddable":true,"href":"https:\/\/audiohypnosis.online\/de\/wp-json\/wp\/v2\/product_tag?post=21863"}],"curies":[{"name":"wp","href":"https:\/\/api.w.org\/{rel}","templated":true}]}}