{"id":21224,"date":"2023-10-14T09:09:09","date_gmt":"2023-10-14T07:09:09","guid":{"rendered":"http:\/\/audiohypnosis.online\/product\/gluecksspielsucht\/"},"modified":"2023-10-14T09:09:09","modified_gmt":"2023-10-14T07:09:09","slug":"glucksspielsucht","status":"publish","type":"product","link":"https:\/\/audiohypnosis.online\/de\/produkt\/glucksspielsucht\/","title":{"rendered":"Gl\u00fccksspielsucht"},"content":{"rendered":"<p>Haben Sie mit einer Spielsucht zu k\u00e4mpfen? Unsere Audio-Hypnose-Sitzungen sollen Ihnen helfen, die Kontrolle wiederzuerlangen. Das Paket enth\u00e4lt 6 herunterladbare Audiodateien und ein Handbuch, das Sie auf Ihrem Weg zur Freiheit vom Gl\u00fccksspiel begleitet.<\/p>\n","protected":false},"excerpt":{"rendered":"<p>Haben Sie mit einer Spielsucht zu k\u00e4mpfen?<\/p>\n","protected":false},"featured_media":14045,"comment_status":"closed","ping_status":"closed","template":"","meta":[],"language":[1638,1662,1558,2739],"product_cat":[1487],"product_tag":[1639,2066,1703,1954,1640],"class_list":{"0":"post-21224","1":"product","2":"type-product","3":"status-publish","4":"has-post-thumbnail","6":"language-de-de-2","7":"language-fr-de","8":"language-nl-de","9":"language-serbisch","10":"product_cat-suechte","11":"product_tag-gesundheit","12":"product_tag-glucksspiel","13":"product_tag-selbstbeherrschung","14":"product_tag-sucht","15":"product_tag-wohlbefinden","16":"pa_languages-deutsch","17":"pa_languages-franzosisch","18":"pa_languages-niederlandisch","19":"pa_languages-serbisch","21":"entry","22":"has-media","24":"first","25":"instock","26":"purchasable","27":"product-type-variable","28":"has-product-nav","29":"col","30":"span_1_of_4","31":"owp-content-center","32":"owp-thumbs-layout-horizontal","33":"owp-btn-big","34":"owp-tabs-layout-vertical","35":"has-no-thumbnails"},"acf":[],"aioseo_notices":[],"_links":{"self":[{"href":"https:\/\/audiohypnosis.online\/de\/wp-json\/wp\/v2\/product\/21224","targetHints":{"allow":["GET"]}}],"collection":[{"href":"https:\/\/audiohypnosis.online\/de\/wp-json\/wp\/v2\/product"}],"about":[{"href":"https:\/\/audiohypnosis.online\/de\/wp-json\/wp\/v2\/types\/product"}],"replies":[{"embeddable":true,"href":"https:\/\/audiohypnosis.online\/de\/wp-json\/wp\/v2\/comments?post=21224"}],"version-history":[{"count":0,"href":"https:\/\/audiohypnosis.online\/de\/wp-json\/wp\/v2\/product\/21224\/revisions"}],"wp:featuredmedia":[{"embeddable":true,"href":"https:\/\/audiohypnosis.online\/de\/wp-json\/wp\/v2\/media\/14045"}],"wp:attachment":[{"href":"https:\/\/audiohypnosis.online\/de\/wp-json\/wp\/v2\/media?parent=21224"}],"wp:term":[{"taxonomy":"language","embeddable":true,"href":"https:\/\/audiohypnosis.online\/de\/wp-json\/wp\/v2\/language?post=21224"},{"taxonomy":"product_cat","embeddable":true,"href":"https:\/\/audiohypnosis.online\/de\/wp-json\/wp\/v2\/product_cat?post=21224"},{"taxonomy":"product_tag","embeddable":true,"href":"https:\/\/audiohypnosis.online\/de\/wp-json\/wp\/v2\/product_tag?post=21224"}],"curies":[{"name":"wp","href":"https:\/\/api.w.org\/{rel}","templated":true}]}}