{"id":21216,"date":"2023-10-14T09:09:09","date_gmt":"2023-10-14T07:09:09","guid":{"rendered":"http:\/\/audiohypnosis.online\/product\/kein-alkohol\/"},"modified":"2023-10-14T09:09:09","modified_gmt":"2023-10-14T07:09:09","slug":"alkoholfrei","status":"publish","type":"product","link":"https:\/\/audiohypnosis.online\/de\/produkt\/alkoholfrei\/","title":{"rendered":"Kein Alkohol"},"content":{"rendered":"<p>Wollen Sie auf Alkohol verzichten? Unsere Audio-Hypnose-MP3s bieten einen Weg zu einem ges\u00fcnderen Leben. Gewinnen Sie die Kontrolle \u00fcber Ihren Alkoholkonsum und genie\u00dfen Sie einen ausgewogeneren Lebensstil. Das Paket enth\u00e4lt 6 Audiodateien und ein umfassendes Handbuch.<\/p>\n","protected":false},"excerpt":{"rendered":"<p>Wollen Sie mit dem Alkohol aufh\u00f6ren?<\/p>\n","protected":false},"featured_media":14279,"comment_status":"closed","ping_status":"closed","template":"","meta":[],"language":[1638,2096,1662,3055,1558,2739,2104],"product_cat":[1487],"product_tag":[2345,2346,2348],"class_list":{"0":"post-21216","1":"product","2":"type-product","3":"status-publish","4":"has-post-thumbnail","6":"language-de-de-2","7":"language-en-de","8":"language-fr-de","9":"language-it-de","10":"language-nl-de","11":"language-serbisch","12":"language-es-de","13":"product_cat-suechte","14":"product_tag-gesundheit-de-2","15":"product_tag-selbstbeherrschung-de","16":"product_tag-wellness-de","17":"pa_languages-deutsch","18":"pa_languages-englisch","19":"pa_languages-franzosisch","20":"pa_languages-italienisch","21":"pa_languages-niederlandisch","22":"pa_languages-portugiesisch-brasilien","23":"pa_languages-serbisch","24":"pa_languages-spanisch","25":"pa_languages-ukrainisch","26":"pa_languages-ungarisch","28":"entry","29":"has-media","31":"first","32":"instock","33":"purchasable","34":"product-type-variable","35":"has-product-nav","36":"col","37":"span_1_of_4","38":"owp-content-center","39":"owp-thumbs-layout-horizontal","40":"owp-btn-big","41":"owp-tabs-layout-vertical","42":"has-no-thumbnails"},"acf":[],"aioseo_notices":[],"_links":{"self":[{"href":"https:\/\/audiohypnosis.online\/de\/wp-json\/wp\/v2\/product\/21216","targetHints":{"allow":["GET"]}}],"collection":[{"href":"https:\/\/audiohypnosis.online\/de\/wp-json\/wp\/v2\/product"}],"about":[{"href":"https:\/\/audiohypnosis.online\/de\/wp-json\/wp\/v2\/types\/product"}],"replies":[{"embeddable":true,"href":"https:\/\/audiohypnosis.online\/de\/wp-json\/wp\/v2\/comments?post=21216"}],"version-history":[{"count":0,"href":"https:\/\/audiohypnosis.online\/de\/wp-json\/wp\/v2\/product\/21216\/revisions"}],"wp:featuredmedia":[{"embeddable":true,"href":"https:\/\/audiohypnosis.online\/de\/wp-json\/wp\/v2\/media\/14279"}],"wp:attachment":[{"href":"https:\/\/audiohypnosis.online\/de\/wp-json\/wp\/v2\/media?parent=21216"}],"wp:term":[{"taxonomy":"language","embeddable":true,"href":"https:\/\/audiohypnosis.online\/de\/wp-json\/wp\/v2\/language?post=21216"},{"taxonomy":"product_cat","embeddable":true,"href":"https:\/\/audiohypnosis.online\/de\/wp-json\/wp\/v2\/product_cat?post=21216"},{"taxonomy":"product_tag","embeddable":true,"href":"https:\/\/audiohypnosis.online\/de\/wp-json\/wp\/v2\/product_tag?post=21216"}],"curies":[{"name":"wp","href":"https:\/\/api.w.org\/{rel}","templated":true}]}}