{"id":21200,"date":"2023-10-14T09:09:09","date_gmt":"2023-10-14T07:09:09","guid":{"rendered":"http:\/\/audiohypnosis.online\/product\/ego-boost\/"},"modified":"2023-10-14T09:09:09","modified_gmt":"2023-10-14T07:09:09","slug":"ego-boost","status":"publish","type":"product","link":"https:\/\/audiohypnosis.online\/de\/produkt\/ego-boost\/","title":{"rendered":"Ego-Boost"},"content":{"rendered":"<p>M\u00f6chten Sie Ihr Selbstwertgef\u00fchl st\u00e4rken? Unsere Audio-Hypnosesitzungen bieten einen Weg zu einem st\u00e4rkeren Selbstbewusstsein. Sie erhalten Zugang zu 6 herunterladbaren Audiodateien und einem Handbuch, das Sie auf Ihrem Weg zu einem positiveren Selbstbild begleitet.<\/p>\n","protected":false},"excerpt":{"rendered":"<p>M\u00f6chten Sie Ihr Selbstwertgef\u00fchl st\u00e4rken?<\/p>\n","protected":false},"featured_media":14027,"comment_status":"closed","ping_status":"closed","template":"","meta":[],"language":[1638,1662,1558,2739],"product_cat":[1495],"product_tag":[1791,1879,1734,1878,1735],"class_list":{"0":"post-21200","1":"product","2":"type-product","3":"status-publish","4":"has-post-thumbnail","6":"language-de-de-2","7":"language-fr-de","8":"language-nl-de","9":"language-serbisch","10":"product_cat-selbstverbesserung","11":"product_tag-emotionales-wohlbefinden","12":"product_tag-positivitat","13":"product_tag-selbstverbesserung","14":"product_tag-selbstwertgefuhl","15":"product_tag-zuversichtlich","16":"pa_languages-deutsch","17":"pa_languages-franzosisch","18":"pa_languages-niederlandisch","19":"pa_languages-serbisch","20":"pa_languages-ukrainisch","22":"entry","23":"has-media","25":"first","26":"instock","27":"purchasable","28":"product-type-variable","29":"has-product-nav","30":"col","31":"span_1_of_4","32":"owp-content-center","33":"owp-thumbs-layout-horizontal","34":"owp-btn-big","35":"owp-tabs-layout-vertical","36":"has-no-thumbnails"},"acf":[],"aioseo_notices":[],"_links":{"self":[{"href":"https:\/\/audiohypnosis.online\/de\/wp-json\/wp\/v2\/product\/21200","targetHints":{"allow":["GET"]}}],"collection":[{"href":"https:\/\/audiohypnosis.online\/de\/wp-json\/wp\/v2\/product"}],"about":[{"href":"https:\/\/audiohypnosis.online\/de\/wp-json\/wp\/v2\/types\/product"}],"replies":[{"embeddable":true,"href":"https:\/\/audiohypnosis.online\/de\/wp-json\/wp\/v2\/comments?post=21200"}],"version-history":[{"count":0,"href":"https:\/\/audiohypnosis.online\/de\/wp-json\/wp\/v2\/product\/21200\/revisions"}],"wp:featuredmedia":[{"embeddable":true,"href":"https:\/\/audiohypnosis.online\/de\/wp-json\/wp\/v2\/media\/14027"}],"wp:attachment":[{"href":"https:\/\/audiohypnosis.online\/de\/wp-json\/wp\/v2\/media?parent=21200"}],"wp:term":[{"taxonomy":"language","embeddable":true,"href":"https:\/\/audiohypnosis.online\/de\/wp-json\/wp\/v2\/language?post=21200"},{"taxonomy":"product_cat","embeddable":true,"href":"https:\/\/audiohypnosis.online\/de\/wp-json\/wp\/v2\/product_cat?post=21200"},{"taxonomy":"product_tag","embeddable":true,"href":"https:\/\/audiohypnosis.online\/de\/wp-json\/wp\/v2\/product_tag?post=21200"}],"curies":[{"name":"wp","href":"https:\/\/api.w.org\/{rel}","templated":true}]}}