{"id":21192,"date":"2023-10-14T09:09:04","date_gmt":"2023-10-14T07:09:04","guid":{"rendered":"http:\/\/audiohypnosis.online\/product\/verabredungen-mit-selbstvertrauen\/"},"modified":"2023-10-14T09:09:04","modified_gmt":"2023-10-14T07:09:04","slug":"verabredung-mit-selbstvertrauen","status":"publish","type":"product","link":"https:\/\/audiohypnosis.online\/de\/produkt\/verabredung-mit-selbstvertrauen\/","title":{"rendered":"Verabredungen mit Selbstvertrauen"},"content":{"rendered":"<p>Nerv\u00f6s wegen einer Verabredung? Unsere Audio-Hypnose-MP3s zielen darauf ab, Ihr Selbstvertrauen zu st\u00e4rken und die Dating-Szene weniger einsch\u00fcchternd zu machen. Mit 6 verschiedenen Audiodateien und einem Handbuch f\u00fcr effektive Praktiken wird Ihr n\u00e4chstes Date ein Erfolg.<\/p>\n","protected":false},"excerpt":{"rendered":"<p>Brauchen Sie mehr Selbstvertrauen f\u00fcr Ihr Liebesleben?<\/p>\n","protected":false},"featured_media":14237,"comment_status":"closed","ping_status":"closed","template":"","meta":[],"language":[1638,2096,1662,3055,1558,2739,2104],"product_cat":[1494],"product_tag":[2009,1791,2030,2062,1735],"class_list":{"0":"post-21192","1":"product","2":"type-product","3":"status-publish","4":"has-post-thumbnail","6":"language-de-de-2","7":"language-en-de","8":"language-fr-de","9":"language-it-de","10":"language-nl-de","11":"language-serbisch","12":"language-es-de","13":"product_cat-beziehungen","14":"product_tag-beziehungen","15":"product_tag-emotionales-wohlbefinden","16":"product_tag-liebe","17":"product_tag-partnersuche","18":"product_tag-zuversichtlich","19":"pa_languages-deutsch","20":"pa_languages-englisch","21":"pa_languages-franzosisch","22":"pa_languages-niederlandisch","23":"pa_languages-polnisch","24":"pa_languages-portugiesisch-brasilien","25":"pa_languages-serbisch","26":"pa_languages-ukrainisch","27":"pa_languages-ungarisch","29":"entry","30":"has-media","32":"first","33":"instock","34":"purchasable","35":"product-type-variable","36":"has-product-nav","37":"col","38":"span_1_of_4","39":"owp-content-center","40":"owp-thumbs-layout-horizontal","41":"owp-btn-big","42":"owp-tabs-layout-vertical","43":"has-no-thumbnails"},"acf":[],"aioseo_notices":[],"_links":{"self":[{"href":"https:\/\/audiohypnosis.online\/de\/wp-json\/wp\/v2\/product\/21192","targetHints":{"allow":["GET"]}}],"collection":[{"href":"https:\/\/audiohypnosis.online\/de\/wp-json\/wp\/v2\/product"}],"about":[{"href":"https:\/\/audiohypnosis.online\/de\/wp-json\/wp\/v2\/types\/product"}],"replies":[{"embeddable":true,"href":"https:\/\/audiohypnosis.online\/de\/wp-json\/wp\/v2\/comments?post=21192"}],"version-history":[{"count":0,"href":"https:\/\/audiohypnosis.online\/de\/wp-json\/wp\/v2\/product\/21192\/revisions"}],"wp:featuredmedia":[{"embeddable":true,"href":"https:\/\/audiohypnosis.online\/de\/wp-json\/wp\/v2\/media\/14237"}],"wp:attachment":[{"href":"https:\/\/audiohypnosis.online\/de\/wp-json\/wp\/v2\/media?parent=21192"}],"wp:term":[{"taxonomy":"language","embeddable":true,"href":"https:\/\/audiohypnosis.online\/de\/wp-json\/wp\/v2\/language?post=21192"},{"taxonomy":"product_cat","embeddable":true,"href":"https:\/\/audiohypnosis.online\/de\/wp-json\/wp\/v2\/product_cat?post=21192"},{"taxonomy":"product_tag","embeddable":true,"href":"https:\/\/audiohypnosis.online\/de\/wp-json\/wp\/v2\/product_tag?post=21192"}],"curies":[{"name":"wp","href":"https:\/\/api.w.org\/{rel}","templated":true}]}}