{"id":20681,"date":"2023-10-14T09:09:09","date_gmt":"2023-10-14T07:09:09","guid":{"rendered":"http:\/\/audiohypnosis.online\/product\/herzschmerz\/"},"modified":"2023-10-14T09:09:09","modified_gmt":"2023-10-14T07:09:09","slug":"herzschmerz","status":"publish","type":"product","link":"https:\/\/audiohypnosis.online\/de\/produkt\/herzschmerz\/","title":{"rendered":"Herzschmerz"},"content":{"rendered":"<p>Leiden Sie unter einem gebrochenen Herzen? Unsere Audio-Hypnose-MP3s bieten einen Weg zur emotionalen Heilung. Finden Sie Erleichterung und starten Sie neu mit unserem Paket, das 6 Audiodateien und ein Handbuch f\u00fcr bew\u00e4hrte Verfahren enth\u00e4lt.<\/p>\n","protected":false},"excerpt":{"rendered":"<p>Brauchen Sie Hilfe bei der Bew\u00e4ltigung von Liebeskummer?<\/p>\n","protected":false},"featured_media":14069,"comment_status":"closed","ping_status":"closed","template":"","meta":[],"language":[1638,1662,1558],"product_cat":[1494],"product_tag":[2009,1791,1793,2031,2030],"class_list":{"0":"post-20681","1":"product","2":"type-product","3":"status-publish","4":"has-post-thumbnail","6":"language-de-de-2","7":"language-fr-de","8":"language-nl-de","9":"product_cat-beziehungen","10":"product_tag-beziehungen","11":"product_tag-emotionales-wohlbefinden","12":"product_tag-heilung","13":"product_tag-herzschmerz","14":"product_tag-liebe","15":"pa_languages-deutsch","16":"pa_languages-franzosisch","17":"pa_languages-niederlandisch","19":"entry","20":"has-media","22":"first","23":"instock","24":"purchasable","25":"product-type-variable","26":"has-product-nav","27":"col","28":"span_1_of_4","29":"owp-content-center","30":"owp-thumbs-layout-horizontal","31":"owp-btn-big","32":"owp-tabs-layout-vertical","33":"has-no-thumbnails"},"acf":[],"aioseo_notices":[],"_links":{"self":[{"href":"https:\/\/audiohypnosis.online\/de\/wp-json\/wp\/v2\/product\/20681","targetHints":{"allow":["GET"]}}],"collection":[{"href":"https:\/\/audiohypnosis.online\/de\/wp-json\/wp\/v2\/product"}],"about":[{"href":"https:\/\/audiohypnosis.online\/de\/wp-json\/wp\/v2\/types\/product"}],"replies":[{"embeddable":true,"href":"https:\/\/audiohypnosis.online\/de\/wp-json\/wp\/v2\/comments?post=20681"}],"version-history":[{"count":0,"href":"https:\/\/audiohypnosis.online\/de\/wp-json\/wp\/v2\/product\/20681\/revisions"}],"wp:featuredmedia":[{"embeddable":true,"href":"https:\/\/audiohypnosis.online\/de\/wp-json\/wp\/v2\/media\/14069"}],"wp:attachment":[{"href":"https:\/\/audiohypnosis.online\/de\/wp-json\/wp\/v2\/media?parent=20681"}],"wp:term":[{"taxonomy":"language","embeddable":true,"href":"https:\/\/audiohypnosis.online\/de\/wp-json\/wp\/v2\/language?post=20681"},{"taxonomy":"product_cat","embeddable":true,"href":"https:\/\/audiohypnosis.online\/de\/wp-json\/wp\/v2\/product_cat?post=20681"},{"taxonomy":"product_tag","embeddable":true,"href":"https:\/\/audiohypnosis.online\/de\/wp-json\/wp\/v2\/product_tag?post=20681"}],"curies":[{"name":"wp","href":"https:\/\/api.w.org\/{rel}","templated":true}]}}