{"id":20150,"date":"2023-10-14T09:09:09","date_gmt":"2023-10-14T07:09:09","guid":{"rendered":"http:\/\/audiohypnosis.online\/product\/gesteigertes-sexuelles-verlangen\/"},"modified":"2023-10-20T11:04:26","modified_gmt":"2023-10-20T09:04:26","slug":"gesteigertes-sexuelles-verlangen","status":"publish","type":"product","link":"https:\/\/audiohypnosis.online\/de\/produkt\/gesteigertes-sexuelles-verlangen\/","title":{"rendered":"Gesteigertes sexuelles Verlangen"},"content":{"rendered":"<p>W\u00fcnschen Sie sich ein erf\u00fcllteres Sexualleben? Unsere Audio-Hypnose-MP3s k\u00f6nnen helfen, Ihre Libido zu steigern. Erhalten Sie Zugang zu 6 herunterladbaren Audiodateien und einem Handbuch, das Sie auf dem Weg zu einem befriedigenderen Intimleben begleitet.<\/p>\n","protected":false},"excerpt":{"rendered":"<p>M\u00f6chten Sie Ihr sexuelles Verlangen steigern?<\/p>\n","protected":false},"featured_media":14081,"comment_status":"closed","ping_status":"closed","template":"","meta":[],"language":[1638,1662,1558,2739,2104],"product_cat":[1497],"product_tag":[2009,2008],"class_list":{"0":"post-20150","1":"product","2":"type-product","3":"status-publish","4":"has-post-thumbnail","6":"language-de-de-2","7":"language-fr-de","8":"language-nl-de","9":"language-serbisch","10":"language-es-de","11":"product_cat-sexualitaet","12":"product_tag-beziehungen","13":"product_tag-libido-de","14":"pa_languages-deutsch","15":"pa_languages-englisch","16":"pa_languages-franzosisch","17":"pa_languages-niederlandisch","18":"pa_languages-portugiesisch-brasilien","19":"pa_languages-serbisch","20":"pa_languages-spanisch","21":"pa_languages-ukrainisch","22":"pa_languages-ungarisch","24":"entry","25":"has-media","27":"first","28":"instock","29":"purchasable","30":"product-type-variable","31":"has-product-nav","32":"col","33":"span_1_of_4","34":"owp-content-center","35":"owp-thumbs-layout-horizontal","36":"owp-btn-big","37":"owp-tabs-layout-vertical","38":"has-no-thumbnails"},"acf":[],"aioseo_notices":[],"_links":{"self":[{"href":"https:\/\/audiohypnosis.online\/de\/wp-json\/wp\/v2\/product\/20150","targetHints":{"allow":["GET"]}}],"collection":[{"href":"https:\/\/audiohypnosis.online\/de\/wp-json\/wp\/v2\/product"}],"about":[{"href":"https:\/\/audiohypnosis.online\/de\/wp-json\/wp\/v2\/types\/product"}],"replies":[{"embeddable":true,"href":"https:\/\/audiohypnosis.online\/de\/wp-json\/wp\/v2\/comments?post=20150"}],"version-history":[{"count":0,"href":"https:\/\/audiohypnosis.online\/de\/wp-json\/wp\/v2\/product\/20150\/revisions"}],"wp:featuredmedia":[{"embeddable":true,"href":"https:\/\/audiohypnosis.online\/de\/wp-json\/wp\/v2\/media\/14081"}],"wp:attachment":[{"href":"https:\/\/audiohypnosis.online\/de\/wp-json\/wp\/v2\/media?parent=20150"}],"wp:term":[{"taxonomy":"language","embeddable":true,"href":"https:\/\/audiohypnosis.online\/de\/wp-json\/wp\/v2\/language?post=20150"},{"taxonomy":"product_cat","embeddable":true,"href":"https:\/\/audiohypnosis.online\/de\/wp-json\/wp\/v2\/product_cat?post=20150"},{"taxonomy":"product_tag","embeddable":true,"href":"https:\/\/audiohypnosis.online\/de\/wp-json\/wp\/v2\/product_tag?post=20150"}],"curies":[{"name":"wp","href":"https:\/\/api.w.org\/{rel}","templated":true}]}}