{"id":19081,"date":"2023-10-14T09:09:09","date_gmt":"2023-10-14T07:09:09","guid":{"rendered":"http:\/\/audiohypnosis.online\/product\/migraene\/"},"modified":"2023-10-14T09:09:09","modified_gmt":"2023-10-14T07:09:09","slug":"migrane","status":"publish","type":"product","link":"https:\/\/audiohypnosis.online\/de\/produkt\/migrane\/","title":{"rendered":"Migr\u00e4ne"},"content":{"rendered":"<p>Sind Sie es leid, dass Migr\u00e4ne Ihr Leben st\u00f6rt? Unsere Audio-Hypnosesitzungen konzentrieren sich auf Schmerzmanagement und -linderung. Sie erhalten 6 Audiodateien zum Herunterladen und ein Handbuch mit den besten Methoden zur Bew\u00e4ltigung Ihrer Symptome.<\/p>\n","protected":false},"excerpt":{"rendered":"<p>Brauchen Sie Linderung bei Migr\u00e4ne?<\/p>\n","protected":false},"featured_media":14087,"comment_status":"closed","ping_status":"closed","template":"","meta":[],"language":[1638,2096,1662,3055,1558,2739,2104],"product_cat":[1492],"product_tag":[2342,1999],"class_list":{"0":"post-19081","1":"product","2":"type-product","3":"status-publish","4":"has-post-thumbnail","6":"language-de-de-2","7":"language-en-de","8":"language-fr-de","9":"language-it-de","10":"language-nl-de","11":"language-serbisch","12":"language-es-de","13":"product_cat-gesundheit-und-wohlbefinden","14":"product_tag-gesundheit-de","15":"product_tag-schmerzmanagement","16":"pa_languages-deutsch","17":"pa_languages-englisch","18":"pa_languages-franzosisch","19":"pa_languages-italienisch","20":"pa_languages-niederlandisch","21":"pa_languages-portugiesisch-brasilien","22":"pa_languages-serbisch","23":"pa_languages-spanisch","24":"pa_languages-ukrainisch","25":"pa_languages-ungarisch","27":"entry","28":"has-media","30":"first","31":"instock","32":"purchasable","33":"product-type-variable","34":"has-product-nav","35":"col","36":"span_1_of_4","37":"owp-content-center","38":"owp-thumbs-layout-horizontal","39":"owp-btn-big","40":"owp-tabs-layout-vertical","41":"has-no-thumbnails"},"acf":[],"aioseo_notices":[],"_links":{"self":[{"href":"https:\/\/audiohypnosis.online\/de\/wp-json\/wp\/v2\/product\/19081","targetHints":{"allow":["GET"]}}],"collection":[{"href":"https:\/\/audiohypnosis.online\/de\/wp-json\/wp\/v2\/product"}],"about":[{"href":"https:\/\/audiohypnosis.online\/de\/wp-json\/wp\/v2\/types\/product"}],"replies":[{"embeddable":true,"href":"https:\/\/audiohypnosis.online\/de\/wp-json\/wp\/v2\/comments?post=19081"}],"version-history":[{"count":0,"href":"https:\/\/audiohypnosis.online\/de\/wp-json\/wp\/v2\/product\/19081\/revisions"}],"wp:featuredmedia":[{"embeddable":true,"href":"https:\/\/audiohypnosis.online\/de\/wp-json\/wp\/v2\/media\/14087"}],"wp:attachment":[{"href":"https:\/\/audiohypnosis.online\/de\/wp-json\/wp\/v2\/media?parent=19081"}],"wp:term":[{"taxonomy":"language","embeddable":true,"href":"https:\/\/audiohypnosis.online\/de\/wp-json\/wp\/v2\/language?post=19081"},{"taxonomy":"product_cat","embeddable":true,"href":"https:\/\/audiohypnosis.online\/de\/wp-json\/wp\/v2\/product_cat?post=19081"},{"taxonomy":"product_tag","embeddable":true,"href":"https:\/\/audiohypnosis.online\/de\/wp-json\/wp\/v2\/product_tag?post=19081"}],"curies":[{"name":"wp","href":"https:\/\/api.w.org\/{rel}","templated":true}]}}