{"id":18797,"date":"2023-10-14T09:09:09","date_gmt":"2023-10-14T07:09:09","guid":{"rendered":"http:\/\/audiohypnosis.online\/product\/uebermaessiges-schwitzen\/"},"modified":"2023-10-14T09:09:09","modified_gmt":"2023-10-14T07:09:09","slug":"ubermasiges-schwitzen","status":"publish","type":"product","link":"https:\/\/audiohypnosis.online\/de\/produkt\/ubermasiges-schwitzen\/","title":{"rendered":"\u00dcberm\u00e4\u00dfiges Schwitzen"},"content":{"rendered":"<p>Sind Sie besorgt \u00fcber \u00fcberm\u00e4\u00dfiges Schwitzen? Unsere Audio-Hypnose-Sitzungen bieten eine M\u00f6glichkeit, diesen Zustand besser in den Griff zu bekommen. Sie erhalten Zugang zu 6 herunterladbaren Audiodateien und einem Handbuch f\u00fcr beste Praktiken.<\/p>\n","protected":false},"excerpt":{"rendered":"<p>K\u00e4mpfen Sie mit \u00fcberm\u00e4\u00dfigem Schwitzen?<\/p>\n","protected":false},"featured_media":14243,"comment_status":"closed","ping_status":"closed","template":"","meta":[],"language":[1638,2096,1662,1558,2739,2104],"product_cat":[1492],"product_tag":[1639,1981,1980,1703,1640],"class_list":{"0":"post-18797","1":"product","2":"type-product","3":"status-publish","4":"has-post-thumbnail","6":"language-de-de-2","7":"language-en-de","8":"language-fr-de","9":"language-nl-de","10":"language-serbisch","11":"language-es-de","12":"product_cat-gesundheit-und-wohlbefinden","13":"product_tag-gesundheit","14":"product_tag-hygiene-de","15":"product_tag-schweis","16":"product_tag-selbstbeherrschung","17":"product_tag-wohlbefinden","18":"pa_languages-deutsch","19":"pa_languages-englisch","20":"pa_languages-franzosisch","21":"pa_languages-niederlandisch","22":"pa_languages-polnisch","23":"pa_languages-serbisch","24":"pa_languages-spanisch","25":"pa_languages-ukrainisch","27":"entry","28":"has-media","30":"first","31":"instock","32":"purchasable","33":"product-type-variable","34":"has-product-nav","35":"col","36":"span_1_of_4","37":"owp-content-center","38":"owp-thumbs-layout-horizontal","39":"owp-btn-big","40":"owp-tabs-layout-vertical","41":"has-no-thumbnails"},"acf":[],"aioseo_notices":[],"_links":{"self":[{"href":"https:\/\/audiohypnosis.online\/de\/wp-json\/wp\/v2\/product\/18797","targetHints":{"allow":["GET"]}}],"collection":[{"href":"https:\/\/audiohypnosis.online\/de\/wp-json\/wp\/v2\/product"}],"about":[{"href":"https:\/\/audiohypnosis.online\/de\/wp-json\/wp\/v2\/types\/product"}],"replies":[{"embeddable":true,"href":"https:\/\/audiohypnosis.online\/de\/wp-json\/wp\/v2\/comments?post=18797"}],"version-history":[{"count":0,"href":"https:\/\/audiohypnosis.online\/de\/wp-json\/wp\/v2\/product\/18797\/revisions"}],"wp:featuredmedia":[{"embeddable":true,"href":"https:\/\/audiohypnosis.online\/de\/wp-json\/wp\/v2\/media\/14243"}],"wp:attachment":[{"href":"https:\/\/audiohypnosis.online\/de\/wp-json\/wp\/v2\/media?parent=18797"}],"wp:term":[{"taxonomy":"language","embeddable":true,"href":"https:\/\/audiohypnosis.online\/de\/wp-json\/wp\/v2\/language?post=18797"},{"taxonomy":"product_cat","embeddable":true,"href":"https:\/\/audiohypnosis.online\/de\/wp-json\/wp\/v2\/product_cat?post=18797"},{"taxonomy":"product_tag","embeddable":true,"href":"https:\/\/audiohypnosis.online\/de\/wp-json\/wp\/v2\/product_tag?post=18797"}],"curies":[{"name":"wp","href":"https:\/\/api.w.org\/{rel}","templated":true}]}}