{"id":18040,"date":"2023-10-14T09:09:13","date_gmt":"2023-10-14T07:09:13","guid":{"rendered":"http:\/\/audiohypnosis.online\/product\/ueberdenken\/"},"modified":"2023-10-14T09:09:13","modified_gmt":"2023-10-14T07:09:13","slug":"uberdenken","status":"publish","type":"product","link":"https:\/\/audiohypnosis.online\/de\/produkt\/uberdenken\/","title":{"rendered":"\u00dcberdenken"},"content":{"rendered":"<p>Sind Sie in einer Schleife des \u00dcberdenkens gefangen? Unsere Audio-Hypnose-MP3s k\u00f6nnen Ihnen helfen, sich zu befreien und sich auf das zu konzentrieren, was wirklich wichtig ist. Das Paket enth\u00e4lt 6 Audiodateien und ein Handbuch f\u00fcr eine effektive Anwendung.<\/p>\n","protected":false},"excerpt":{"rendered":"<p>Stecken Sie in einer \u00dcberdenkensschleife fest?<\/p>\n","protected":false},"featured_media":14159,"comment_status":"closed","ping_status":"closed","template":"","meta":[],"language":[1662,1558],"product_cat":[1489],"product_tag":[1606,1791,1792,1702,1935],"class_list":{"0":"post-18040","1":"product","2":"type-product","3":"status-publish","4":"has-post-thumbnail","6":"language-fr-de","7":"language-nl-de","8":"product_cat-emotionales-wohlbefinden","9":"product_tag-angste","10":"product_tag-emotionales-wohlbefinden","11":"product_tag-selbstfursorge","12":"product_tag-stress-de","13":"product_tag-uberdenken","14":"pa_languages-deutsch","15":"pa_languages-franzosisch","16":"pa_languages-niederlandisch","18":"entry","19":"has-media","21":"first","22":"instock","23":"purchasable","24":"product-type-variable","25":"has-product-nav","26":"col","27":"span_1_of_4","28":"owp-content-center","29":"owp-thumbs-layout-horizontal","30":"owp-btn-big","31":"owp-tabs-layout-vertical","32":"has-no-thumbnails"},"acf":[],"aioseo_notices":[],"_links":{"self":[{"href":"https:\/\/audiohypnosis.online\/de\/wp-json\/wp\/v2\/product\/18040","targetHints":{"allow":["GET"]}}],"collection":[{"href":"https:\/\/audiohypnosis.online\/de\/wp-json\/wp\/v2\/product"}],"about":[{"href":"https:\/\/audiohypnosis.online\/de\/wp-json\/wp\/v2\/types\/product"}],"replies":[{"embeddable":true,"href":"https:\/\/audiohypnosis.online\/de\/wp-json\/wp\/v2\/comments?post=18040"}],"version-history":[{"count":0,"href":"https:\/\/audiohypnosis.online\/de\/wp-json\/wp\/v2\/product\/18040\/revisions"}],"wp:featuredmedia":[{"embeddable":true,"href":"https:\/\/audiohypnosis.online\/de\/wp-json\/wp\/v2\/media\/14159"}],"wp:attachment":[{"href":"https:\/\/audiohypnosis.online\/de\/wp-json\/wp\/v2\/media?parent=18040"}],"wp:term":[{"taxonomy":"language","embeddable":true,"href":"https:\/\/audiohypnosis.online\/de\/wp-json\/wp\/v2\/language?post=18040"},{"taxonomy":"product_cat","embeddable":true,"href":"https:\/\/audiohypnosis.online\/de\/wp-json\/wp\/v2\/product_cat?post=18040"},{"taxonomy":"product_tag","embeddable":true,"href":"https:\/\/audiohypnosis.online\/de\/wp-json\/wp\/v2\/product_tag?post=18040"}],"curies":[{"name":"wp","href":"https:\/\/api.w.org\/{rel}","templated":true}]}}