{"id":17981,"date":"2023-10-14T09:09:09","date_gmt":"2023-10-14T07:09:09","guid":{"rendered":"http:\/\/audiohypnosis.online\/product\/weniger-zucker-zu-sich-nehmen\/"},"modified":"2023-10-14T09:09:09","modified_gmt":"2023-10-14T07:09:09","slug":"weniger-zucker-verzehr","status":"publish","type":"product","link":"https:\/\/audiohypnosis.online\/de\/produkt\/weniger-zucker-verzehr\/","title":{"rendered":"Weniger Zucker zu sich nehmen"},"content":{"rendered":"<p>F\u00e4llt es Ihnen schwer, Ihren Zuckerkonsum zu reduzieren? Unsere Audio-Hypnose-Sitzungen k\u00f6nnen Ihnen dabei helfen, ges\u00fcndere Ern\u00e4hrungsentscheidungen zu treffen. Sie erhalten 6 Audiodateien zum Herunterladen und ein Handbuch f\u00fcr beste Ergebnisse.<\/p>\n","protected":false},"excerpt":{"rendered":"<p>Versuchen Sie, Ihren Zuckerkonsum zu reduzieren?<\/p>\n","protected":false},"featured_media":14105,"comment_status":"closed","ping_status":"closed","template":"","meta":[],"language":[1662,1558],"product_cat":[1500],"product_tag":[1642,1639,1703,1640,1932],"class_list":{"0":"post-17981","1":"product","2":"type-product","3":"status-publish","4":"has-post-thumbnail","6":"language-fr-de","7":"language-nl-de","8":"product_cat-gewicht-de","9":"product_tag-diat","10":"product_tag-gesundheit","11":"product_tag-selbstbeherrschung","12":"product_tag-wohlbefinden","13":"product_tag-zucker","14":"pa_languages-franzosisch","15":"pa_languages-niederlandisch","16":"pa_languages-portugiesisch-brasilien","18":"entry","19":"has-media","21":"first","22":"instock","23":"purchasable","24":"product-type-variable","25":"has-product-nav","26":"col","27":"span_1_of_4","28":"owp-content-center","29":"owp-thumbs-layout-horizontal","30":"owp-btn-big","31":"owp-tabs-layout-vertical","32":"has-no-thumbnails"},"acf":[],"aioseo_notices":[],"_links":{"self":[{"href":"https:\/\/audiohypnosis.online\/de\/wp-json\/wp\/v2\/product\/17981","targetHints":{"allow":["GET"]}}],"collection":[{"href":"https:\/\/audiohypnosis.online\/de\/wp-json\/wp\/v2\/product"}],"about":[{"href":"https:\/\/audiohypnosis.online\/de\/wp-json\/wp\/v2\/types\/product"}],"replies":[{"embeddable":true,"href":"https:\/\/audiohypnosis.online\/de\/wp-json\/wp\/v2\/comments?post=17981"}],"version-history":[{"count":0,"href":"https:\/\/audiohypnosis.online\/de\/wp-json\/wp\/v2\/product\/17981\/revisions"}],"wp:featuredmedia":[{"embeddable":true,"href":"https:\/\/audiohypnosis.online\/de\/wp-json\/wp\/v2\/media\/14105"}],"wp:attachment":[{"href":"https:\/\/audiohypnosis.online\/de\/wp-json\/wp\/v2\/media?parent=17981"}],"wp:term":[{"taxonomy":"language","embeddable":true,"href":"https:\/\/audiohypnosis.online\/de\/wp-json\/wp\/v2\/language?post=17981"},{"taxonomy":"product_cat","embeddable":true,"href":"https:\/\/audiohypnosis.online\/de\/wp-json\/wp\/v2\/product_cat?post=17981"},{"taxonomy":"product_tag","embeddable":true,"href":"https:\/\/audiohypnosis.online\/de\/wp-json\/wp\/v2\/product_tag?post=17981"}],"curies":[{"name":"wp","href":"https:\/\/api.w.org\/{rel}","templated":true}]}}