{"id":17782,"date":"2023-10-14T09:09:09","date_gmt":"2023-10-14T07:09:09","guid":{"rendered":"http:\/\/audiohypnosis.online\/product\/gewinnermentalitaet\/"},"modified":"2023-11-17T11:08:34","modified_gmt":"2023-11-17T10:08:34","slug":"gewinnermentalitat","status":"publish","type":"product","link":"https:\/\/audiohypnosis.online\/de\/produkt\/gewinnermentalitat\/","title":{"rendered":"Gewinnermentalit\u00e4t"},"content":{"rendered":"<p>Beginne deine transformative Reise mit unserem &#8216;Gewinner-Mindset&#8217; Hypnose-MP3.<\/p>\n<p>Diese fachm\u00e4nnisch erstellte Audio-Session ist darauf ausgerichtet, deine Denkmuster neu zu formen und dir unersch\u00fctterliches Selbstvertrauen sowie einen fokussierten, erfolgsorientierten Mindset zu verleihen.<\/p>\n<p>Ideal f\u00fcr jeden, der mentale Blockaden \u00fcberwinden und sein volles Potenzial aussch\u00f6pfen m\u00f6chte.<\/p>\n<p>Dieses MP3 ist dein Sprungbrett zu pers\u00f6nlichem und beruflichem Erfolg. Erlebe die Kraft positiver Ver\u00e4nderung und beginne heute, deine Tr\u00e4ume zu verwirklichen!&#8221;<\/p>\n","protected":false},"excerpt":{"rendered":"<p>Auf der Suche nach einer Gewinner-Mentalit\u00e4t?<\/p>\n","protected":false},"featured_media":14117,"comment_status":"closed","ping_status":"closed","template":"","meta":[],"language":[1638,2096,1662,1558,2104],"product_cat":[1495],"product_tag":[1923,1922,1664,1734,1735],"class_list":{"0":"post-17782","1":"product","2":"type-product","3":"status-publish","4":"has-post-thumbnail","6":"language-de-de-2","7":"language-en-de","8":"language-fr-de","9":"language-nl-de","10":"language-es-de","11":"product_cat-selbstverbesserung","12":"product_tag-erfolg","13":"product_tag-mentalitat","14":"product_tag-motivierung","15":"product_tag-selbstverbesserung","16":"product_tag-zuversichtlich","17":"pa_languages-deutsch","18":"pa_languages-englisch","19":"pa_languages-franzosisch","20":"pa_languages-niederlandisch","21":"pa_languages-polnisch","22":"pa_languages-portugiesisch-brasilien","23":"pa_languages-spanisch","24":"pa_languages-ukrainisch","25":"pa_languages-ungarisch","27":"entry","28":"has-media","30":"first","31":"instock","32":"purchasable","33":"product-type-variable","34":"has-product-nav","35":"col","36":"span_1_of_4","37":"owp-content-center","38":"owp-thumbs-layout-horizontal","39":"owp-btn-big","40":"owp-tabs-layout-vertical","41":"has-no-thumbnails"},"acf":[],"aioseo_notices":[],"_links":{"self":[{"href":"https:\/\/audiohypnosis.online\/de\/wp-json\/wp\/v2\/product\/17782","targetHints":{"allow":["GET"]}}],"collection":[{"href":"https:\/\/audiohypnosis.online\/de\/wp-json\/wp\/v2\/product"}],"about":[{"href":"https:\/\/audiohypnosis.online\/de\/wp-json\/wp\/v2\/types\/product"}],"replies":[{"embeddable":true,"href":"https:\/\/audiohypnosis.online\/de\/wp-json\/wp\/v2\/comments?post=17782"}],"version-history":[{"count":0,"href":"https:\/\/audiohypnosis.online\/de\/wp-json\/wp\/v2\/product\/17782\/revisions"}],"wp:featuredmedia":[{"embeddable":true,"href":"https:\/\/audiohypnosis.online\/de\/wp-json\/wp\/v2\/media\/14117"}],"wp:attachment":[{"href":"https:\/\/audiohypnosis.online\/de\/wp-json\/wp\/v2\/media?parent=17782"}],"wp:term":[{"taxonomy":"language","embeddable":true,"href":"https:\/\/audiohypnosis.online\/de\/wp-json\/wp\/v2\/language?post=17782"},{"taxonomy":"product_cat","embeddable":true,"href":"https:\/\/audiohypnosis.online\/de\/wp-json\/wp\/v2\/product_cat?post=17782"},{"taxonomy":"product_tag","embeddable":true,"href":"https:\/\/audiohypnosis.online\/de\/wp-json\/wp\/v2\/product_tag?post=17782"}],"curies":[{"name":"wp","href":"https:\/\/api.w.org\/{rel}","templated":true}]}}