{"id":17525,"date":"2023-10-14T09:09:09","date_gmt":"2023-10-14T07:09:09","guid":{"rendered":"http:\/\/audiohypnosis.online\/product\/naegelkauen\/"},"modified":"2023-10-14T09:09:09","modified_gmt":"2023-10-14T07:09:09","slug":"nagelkauen","status":"publish","type":"product","link":"https:\/\/audiohypnosis.online\/de\/produkt\/nagelkauen\/","title":{"rendered":"N\u00e4gelkauen"},"content":{"rendered":"<p>Wollen Sie sich das N\u00e4gelkauen abgew\u00f6hnen? Unsere Audio-Hypnose-MP3s k\u00f6nnen Ihnen helfen, diese Angewohnheit in den Griff zu bekommen. Sie erhalten Zugang zu 6 herunterladbaren Audiodateien und einem Handbuch f\u00fcr effektive \u00dcbungen.<\/p>\n","protected":false},"excerpt":{"rendered":"<p>Wollen Sie aufh\u00f6ren, Ihre N\u00e4gel zu kauen?<\/p>\n","protected":false},"featured_media":14135,"comment_status":"closed","ping_status":"closed","template":"","meta":[],"language":[2096,1558],"product_cat":[1488],"product_tag":[1639,1910,1911,1703,1640],"class_list":{"0":"post-17525","1":"product","2":"type-product","3":"status-publish","4":"has-post-thumbnail","6":"language-en-de","7":"language-nl-de","8":"product_cat-schlechte-gewohnheiten","9":"product_tag-gesundheit","10":"product_tag-gewohnheit","11":"product_tag-nagelkauen","12":"product_tag-selbstbeherrschung","13":"product_tag-wohlbefinden","14":"pa_languages-englisch","15":"pa_languages-niederlandisch","16":"pa_languages-ukrainisch","18":"entry","19":"has-media","21":"first","22":"instock","23":"purchasable","24":"product-type-variable","25":"has-product-nav","26":"col","27":"span_1_of_4","28":"owp-content-center","29":"owp-thumbs-layout-horizontal","30":"owp-btn-big","31":"owp-tabs-layout-vertical","32":"has-no-thumbnails"},"acf":[],"aioseo_notices":[],"_links":{"self":[{"href":"https:\/\/audiohypnosis.online\/de\/wp-json\/wp\/v2\/product\/17525","targetHints":{"allow":["GET"]}}],"collection":[{"href":"https:\/\/audiohypnosis.online\/de\/wp-json\/wp\/v2\/product"}],"about":[{"href":"https:\/\/audiohypnosis.online\/de\/wp-json\/wp\/v2\/types\/product"}],"replies":[{"embeddable":true,"href":"https:\/\/audiohypnosis.online\/de\/wp-json\/wp\/v2\/comments?post=17525"}],"version-history":[{"count":0,"href":"https:\/\/audiohypnosis.online\/de\/wp-json\/wp\/v2\/product\/17525\/revisions"}],"wp:featuredmedia":[{"embeddable":true,"href":"https:\/\/audiohypnosis.online\/de\/wp-json\/wp\/v2\/media\/14135"}],"wp:attachment":[{"href":"https:\/\/audiohypnosis.online\/de\/wp-json\/wp\/v2\/media?parent=17525"}],"wp:term":[{"taxonomy":"language","embeddable":true,"href":"https:\/\/audiohypnosis.online\/de\/wp-json\/wp\/v2\/language?post=17525"},{"taxonomy":"product_cat","embeddable":true,"href":"https:\/\/audiohypnosis.online\/de\/wp-json\/wp\/v2\/product_cat?post=17525"},{"taxonomy":"product_tag","embeddable":true,"href":"https:\/\/audiohypnosis.online\/de\/wp-json\/wp\/v2\/product_tag?post=17525"}],"curies":[{"name":"wp","href":"https:\/\/api.w.org\/{rel}","templated":true}]}}