{"id":17282,"date":"2023-10-14T09:09:13","date_gmt":"2023-10-14T07:09:13","guid":{"rendered":"http:\/\/audiohypnosis.online\/product\/schmerzhafte-perioden\/"},"modified":"2023-10-14T09:09:13","modified_gmt":"2023-10-14T07:09:13","slug":"schmerzhafte-perioden","status":"publish","type":"product","link":"https:\/\/audiohypnosis.online\/de\/produkt\/schmerzhafte-perioden\/","title":{"rendered":"Schmerzhafte Perioden"},"content":{"rendered":"<p>Haben Sie mit schmerzhaften Perioden zu k\u00e4mpfen? Unsere Audio-Hypnose-MP3s konzentrieren sich auf Schmerzmanagement und Linderung w\u00e4hrend der Menstruation. Das Paket enth\u00e4lt 6 Audiodateien und ein Handbuch f\u00fcr eine effektive Anwendung.<\/p>\n","protected":false},"excerpt":{"rendered":"<p>Brauchen Sie Linderung bei schmerzhaften Perioden?<\/p>\n","protected":false},"featured_media":14165,"comment_status":"closed","ping_status":"closed","template":"","meta":[],"language":[1638,2096,1662,3055,1558,2739,2104],"product_cat":[1492],"product_tag":[2342],"class_list":{"0":"post-17282","1":"product","2":"type-product","3":"status-publish","4":"has-post-thumbnail","6":"language-de-de-2","7":"language-en-de","8":"language-fr-de","9":"language-it-de","10":"language-nl-de","11":"language-serbisch","12":"language-es-de","13":"product_cat-gesundheit-und-wohlbefinden","14":"product_tag-gesundheit-de","15":"pa_languages-deutsch","16":"pa_languages-englisch","17":"pa_languages-franzosisch","18":"pa_languages-italienisch","19":"pa_languages-niederlandisch","20":"pa_languages-serbisch","21":"pa_languages-spanisch","22":"pa_languages-ukrainisch","23":"pa_languages-ungarisch","25":"entry","26":"has-media","28":"first","29":"instock","30":"purchasable","31":"product-type-variable","32":"has-product-nav","33":"col","34":"span_1_of_4","35":"owp-content-center","36":"owp-thumbs-layout-horizontal","37":"owp-btn-big","38":"owp-tabs-layout-vertical","39":"has-no-thumbnails"},"acf":[],"aioseo_notices":[],"_links":{"self":[{"href":"https:\/\/audiohypnosis.online\/de\/wp-json\/wp\/v2\/product\/17282","targetHints":{"allow":["GET"]}}],"collection":[{"href":"https:\/\/audiohypnosis.online\/de\/wp-json\/wp\/v2\/product"}],"about":[{"href":"https:\/\/audiohypnosis.online\/de\/wp-json\/wp\/v2\/types\/product"}],"replies":[{"embeddable":true,"href":"https:\/\/audiohypnosis.online\/de\/wp-json\/wp\/v2\/comments?post=17282"}],"version-history":[{"count":0,"href":"https:\/\/audiohypnosis.online\/de\/wp-json\/wp\/v2\/product\/17282\/revisions"}],"wp:featuredmedia":[{"embeddable":true,"href":"https:\/\/audiohypnosis.online\/de\/wp-json\/wp\/v2\/media\/14165"}],"wp:attachment":[{"href":"https:\/\/audiohypnosis.online\/de\/wp-json\/wp\/v2\/media?parent=17282"}],"wp:term":[{"taxonomy":"language","embeddable":true,"href":"https:\/\/audiohypnosis.online\/de\/wp-json\/wp\/v2\/language?post=17282"},{"taxonomy":"product_cat","embeddable":true,"href":"https:\/\/audiohypnosis.online\/de\/wp-json\/wp\/v2\/product_cat?post=17282"},{"taxonomy":"product_tag","embeddable":true,"href":"https:\/\/audiohypnosis.online\/de\/wp-json\/wp\/v2\/product_tag?post=17282"}],"curies":[{"name":"wp","href":"https:\/\/api.w.org\/{rel}","templated":true}]}}