{"id":17180,"date":"2023-10-14T09:09:13","date_gmt":"2023-10-14T07:09:13","guid":{"rendered":"http:\/\/audiohypnosis.online\/product\/produktivitaet\/"},"modified":"2023-10-14T09:09:13","modified_gmt":"2023-10-14T07:09:13","slug":"produktivitat","status":"publish","type":"product","link":"https:\/\/audiohypnosis.online\/de\/produkt\/produktivitat\/","title":{"rendered":"Produktivit\u00e4t"},"content":{"rendered":"<p>Brauchen Sie einen Produktivit\u00e4tsschub? Unsere Audio-Hypnose-MP3s k\u00f6nnen Ihnen helfen, sich zu konzentrieren und Ihre Aufgaben effizienter zu erledigen. Das Paket enth\u00e4lt 6 verschiedene Audiodateien und ein Handbuch, das Sie zu mehr Produktivit\u00e4t anleitet.<\/p>\n","protected":false},"excerpt":{"rendered":"<p>Brauchen Sie einen Produktivit\u00e4tsschub?<\/p>\n","protected":false},"featured_media":14177,"comment_status":"closed","ping_status":"closed","template":"","meta":[],"language":[1638,2096,1662,1558,2739,2104],"product_cat":[1495],"product_tag":[1859,1860,1843,1858,1734],"class_list":{"0":"post-17180","1":"product","2":"type-product","3":"status-publish","4":"has-post-thumbnail","6":"language-de-de-2","7":"language-en-de","8":"language-fr-de","9":"language-nl-de","10":"language-serbisch","11":"language-es-de","12":"product_cat-selbstverbesserung","13":"product_tag-arbeit","14":"product_tag-effizienz","15":"product_tag-fokus","16":"product_tag-produktivitat","17":"product_tag-selbstverbesserung","18":"pa_languages-deutsch","19":"pa_languages-englisch","20":"pa_languages-franzosisch","21":"pa_languages-niederlandisch","22":"pa_languages-portugiesisch-brasilien","23":"pa_languages-serbisch","24":"pa_languages-spanisch","25":"pa_languages-ukrainisch","27":"entry","28":"has-media","30":"first","31":"instock","32":"sale","33":"purchasable","34":"product-type-variable","35":"has-product-nav","36":"col","37":"span_1_of_4","38":"owp-content-center","39":"owp-thumbs-layout-horizontal","40":"owp-btn-big","41":"owp-tabs-layout-vertical","42":"has-no-thumbnails"},"acf":[],"aioseo_notices":[],"_links":{"self":[{"href":"https:\/\/audiohypnosis.online\/de\/wp-json\/wp\/v2\/product\/17180","targetHints":{"allow":["GET"]}}],"collection":[{"href":"https:\/\/audiohypnosis.online\/de\/wp-json\/wp\/v2\/product"}],"about":[{"href":"https:\/\/audiohypnosis.online\/de\/wp-json\/wp\/v2\/types\/product"}],"replies":[{"embeddable":true,"href":"https:\/\/audiohypnosis.online\/de\/wp-json\/wp\/v2\/comments?post=17180"}],"version-history":[{"count":0,"href":"https:\/\/audiohypnosis.online\/de\/wp-json\/wp\/v2\/product\/17180\/revisions"}],"wp:featuredmedia":[{"embeddable":true,"href":"https:\/\/audiohypnosis.online\/de\/wp-json\/wp\/v2\/media\/14177"}],"wp:attachment":[{"href":"https:\/\/audiohypnosis.online\/de\/wp-json\/wp\/v2\/media?parent=17180"}],"wp:term":[{"taxonomy":"language","embeddable":true,"href":"https:\/\/audiohypnosis.online\/de\/wp-json\/wp\/v2\/language?post=17180"},{"taxonomy":"product_cat","embeddable":true,"href":"https:\/\/audiohypnosis.online\/de\/wp-json\/wp\/v2\/product_cat?post=17180"},{"taxonomy":"product_tag","embeddable":true,"href":"https:\/\/audiohypnosis.online\/de\/wp-json\/wp\/v2\/product_tag?post=17180"}],"curies":[{"name":"wp","href":"https:\/\/api.w.org\/{rel}","templated":true}]}}