{"id":171578,"date":"2024-04-04T16:40:23","date_gmt":"2024-04-04T14:40:23","guid":{"rendered":"https:\/\/audiohypnosis.online\/?post_type=product&#038;p=171578"},"modified":"2024-06-05T12:00:43","modified_gmt":"2024-06-05T10:00:43","slug":"drogen-reduzieren","status":"publish","type":"product","link":"https:\/\/audiohypnosis.online\/de\/produkt\/drogen-reduzieren\/","title":{"rendered":"Drogen reduzieren"},"content":{"rendered":"<p>Beginnen Sie Ihre Reise zu einem ges\u00fcnderen Lebensstil mit unseren Audio-Hypnose MP3s. Sie erhalten sechs Audiotracks und ein detailliertes Handbuch f\u00fcr die effektive Nutzung.<\/p>\n","protected":false},"excerpt":{"rendered":"<p>\u00dcbernehmen Sie die Kontrolle \u00fcber Ihre Entscheidungen und gehen Sie jeden Tag mit erneuerter Entschlossenheit und Energie an, um positive Ver\u00e4nderungen zu schaffen.<\/p>\n","protected":false},"featured_media":168892,"comment_status":"closed","ping_status":"closed","template":"","meta":[],"language":[1638],"product_cat":[1487],"product_tag":[1793,1922],"class_list":{"0":"post-171578","1":"product","2":"type-product","3":"status-publish","4":"has-post-thumbnail","6":"language-de-de-2","7":"product_cat-suechte","8":"product_tag-heilung","9":"product_tag-mentalitat","10":"pa_languages-deutsch","12":"entry","13":"has-media","15":"first","16":"instock","17":"shipping-taxable","18":"purchasable","19":"product-type-variable","20":"has-product-nav","21":"col","22":"span_1_of_4","23":"owp-content-center","24":"owp-thumbs-layout-horizontal","25":"owp-btn-big","26":"owp-tabs-layout-vertical","27":"has-no-thumbnails"},"acf":[],"aioseo_notices":[],"_links":{"self":[{"href":"https:\/\/audiohypnosis.online\/de\/wp-json\/wp\/v2\/product\/171578","targetHints":{"allow":["GET"]}}],"collection":[{"href":"https:\/\/audiohypnosis.online\/de\/wp-json\/wp\/v2\/product"}],"about":[{"href":"https:\/\/audiohypnosis.online\/de\/wp-json\/wp\/v2\/types\/product"}],"replies":[{"embeddable":true,"href":"https:\/\/audiohypnosis.online\/de\/wp-json\/wp\/v2\/comments?post=171578"}],"version-history":[{"count":1,"href":"https:\/\/audiohypnosis.online\/de\/wp-json\/wp\/v2\/product\/171578\/revisions"}],"predecessor-version":[{"id":171580,"href":"https:\/\/audiohypnosis.online\/de\/wp-json\/wp\/v2\/product\/171578\/revisions\/171580"}],"wp:featuredmedia":[{"embeddable":true,"href":"https:\/\/audiohypnosis.online\/de\/wp-json\/wp\/v2\/media\/168892"}],"wp:attachment":[{"href":"https:\/\/audiohypnosis.online\/de\/wp-json\/wp\/v2\/media?parent=171578"}],"wp:term":[{"taxonomy":"language","embeddable":true,"href":"https:\/\/audiohypnosis.online\/de\/wp-json\/wp\/v2\/language?post=171578"},{"taxonomy":"product_cat","embeddable":true,"href":"https:\/\/audiohypnosis.online\/de\/wp-json\/wp\/v2\/product_cat?post=171578"},{"taxonomy":"product_tag","embeddable":true,"href":"https:\/\/audiohypnosis.online\/de\/wp-json\/wp\/v2\/product_tag?post=171578"}],"curies":[{"name":"wp","href":"https:\/\/api.w.org\/{rel}","templated":true}]}}