{"id":171495,"date":"2024-04-04T13:08:33","date_gmt":"2024-04-04T11:08:33","guid":{"rendered":"https:\/\/audiohypnosis.online\/?post_type=product&#038;p=171495"},"modified":"2024-05-30T12:13:15","modified_gmt":"2024-05-30T10:13:15","slug":"drogenmissbrauch-komplett-stoppen","status":"publish","type":"product","link":"https:\/\/audiohypnosis.online\/de\/produkt\/drogenmissbrauch-komplett-stoppen\/","title":{"rendered":"Drogenmissbrauch komplett stoppen"},"content":{"rendered":"<p>Tauchen Sie ein in unsere Auswahl an Audio-Hypnose-MP3s, die darauf abzielen, vollst\u00e4ndig von Drogen loszukommen. Beginnen Sie Ihren Weg zur N\u00fcchternheit mit unserem Paket aus 6 Audio-Tracks und einem Handbuch f\u00fcr die effektive Nutzung.<\/p>\n","protected":false},"excerpt":{"rendered":"<p>\u00dcberwinden Sie die Sucht und f\u00fchren Sie einen ges\u00fcnderen, drogenfreien Lebensstil.<\/p>\n","protected":false},"featured_media":168906,"comment_status":"closed","ping_status":"closed","template":"","meta":[],"language":[1638],"product_cat":[1487],"product_tag":[1922],"class_list":{"0":"post-171495","1":"product","2":"type-product","3":"status-publish","4":"has-post-thumbnail","6":"language-de-de-2","7":"product_cat-suechte","8":"product_tag-mentalitat","9":"pa_languages-deutsch","11":"entry","12":"has-media","14":"first","15":"instock","16":"shipping-taxable","17":"purchasable","18":"product-type-variable","19":"has-product-nav","20":"col","21":"span_1_of_4","22":"owp-content-center","23":"owp-thumbs-layout-horizontal","24":"owp-btn-big","25":"owp-tabs-layout-vertical","26":"has-no-thumbnails"},"acf":[],"aioseo_notices":[],"_links":{"self":[{"href":"https:\/\/audiohypnosis.online\/de\/wp-json\/wp\/v2\/product\/171495","targetHints":{"allow":["GET"]}}],"collection":[{"href":"https:\/\/audiohypnosis.online\/de\/wp-json\/wp\/v2\/product"}],"about":[{"href":"https:\/\/audiohypnosis.online\/de\/wp-json\/wp\/v2\/types\/product"}],"replies":[{"embeddable":true,"href":"https:\/\/audiohypnosis.online\/de\/wp-json\/wp\/v2\/comments?post=171495"}],"version-history":[{"count":1,"href":"https:\/\/audiohypnosis.online\/de\/wp-json\/wp\/v2\/product\/171495\/revisions"}],"predecessor-version":[{"id":171497,"href":"https:\/\/audiohypnosis.online\/de\/wp-json\/wp\/v2\/product\/171495\/revisions\/171497"}],"wp:featuredmedia":[{"embeddable":true,"href":"https:\/\/audiohypnosis.online\/de\/wp-json\/wp\/v2\/media\/168906"}],"wp:attachment":[{"href":"https:\/\/audiohypnosis.online\/de\/wp-json\/wp\/v2\/media?parent=171495"}],"wp:term":[{"taxonomy":"language","embeddable":true,"href":"https:\/\/audiohypnosis.online\/de\/wp-json\/wp\/v2\/language?post=171495"},{"taxonomy":"product_cat","embeddable":true,"href":"https:\/\/audiohypnosis.online\/de\/wp-json\/wp\/v2\/product_cat?post=171495"},{"taxonomy":"product_tag","embeddable":true,"href":"https:\/\/audiohypnosis.online\/de\/wp-json\/wp\/v2\/product_tag?post=171495"}],"curies":[{"name":"wp","href":"https:\/\/api.w.org\/{rel}","templated":true}]}}