{"id":171412,"date":"2024-04-04T12:12:02","date_gmt":"2024-04-04T10:12:02","guid":{"rendered":"https:\/\/audiohypnosis.online\/?post_type=product&#038;p=171412"},"modified":"2024-05-18T10:18:10","modified_gmt":"2024-05-18T08:18:10","slug":"werde-ein-erfolgreicher-unternehmer","status":"publish","type":"product","link":"https:\/\/audiohypnosis.online\/de\/produkt\/werde-ein-erfolgreicher-unternehmer\/","title":{"rendered":"Werde ein erfolgreicher Unternehmer"},"content":{"rendered":"<p>Entdecke unsere Audio-Hypnose-MP3s, die entwickelt wurden, um die Unternehmermentalit\u00e4t zu entfalten. Beginne deine Reise zum Erfolg mit unseren Audiotracks und dem Handbuch f\u00fcr den praktischen Gebrauch.<\/p>\n","protected":false},"excerpt":{"rendered":"<p>\u00dcbernimm die F\u00fchrung \u00fcber deine Ambitionen und begr\u00fc\u00dfe jeden Tag mit der Energie und dem Fokus, die n\u00f6tig sind, um in der Gesch\u00e4ftswelt zu triumphieren.<\/p>\n","protected":false},"featured_media":168848,"comment_status":"closed","ping_status":"closed","template":"","meta":[],"language":[1638],"product_cat":[1495],"product_tag":[1922,1664],"class_list":{"0":"post-171412","1":"product","2":"type-product","3":"status-publish","4":"has-post-thumbnail","6":"language-de-de-2","7":"product_cat-selbstverbesserung","8":"product_tag-mentalitat","9":"product_tag-motivierung","10":"pa_languages-deutsch","12":"entry","13":"has-media","15":"first","16":"instock","17":"shipping-taxable","18":"purchasable","19":"product-type-variable","20":"has-product-nav","21":"col","22":"span_1_of_4","23":"owp-content-center","24":"owp-thumbs-layout-horizontal","25":"owp-btn-big","26":"owp-tabs-layout-vertical","27":"has-no-thumbnails"},"acf":[],"aioseo_notices":[],"_links":{"self":[{"href":"https:\/\/audiohypnosis.online\/de\/wp-json\/wp\/v2\/product\/171412","targetHints":{"allow":["GET"]}}],"collection":[{"href":"https:\/\/audiohypnosis.online\/de\/wp-json\/wp\/v2\/product"}],"about":[{"href":"https:\/\/audiohypnosis.online\/de\/wp-json\/wp\/v2\/types\/product"}],"replies":[{"embeddable":true,"href":"https:\/\/audiohypnosis.online\/de\/wp-json\/wp\/v2\/comments?post=171412"}],"version-history":[{"count":1,"href":"https:\/\/audiohypnosis.online\/de\/wp-json\/wp\/v2\/product\/171412\/revisions"}],"predecessor-version":[{"id":171414,"href":"https:\/\/audiohypnosis.online\/de\/wp-json\/wp\/v2\/product\/171412\/revisions\/171414"}],"wp:featuredmedia":[{"embeddable":true,"href":"https:\/\/audiohypnosis.online\/de\/wp-json\/wp\/v2\/media\/168848"}],"wp:attachment":[{"href":"https:\/\/audiohypnosis.online\/de\/wp-json\/wp\/v2\/media?parent=171412"}],"wp:term":[{"taxonomy":"language","embeddable":true,"href":"https:\/\/audiohypnosis.online\/de\/wp-json\/wp\/v2\/language?post=171412"},{"taxonomy":"product_cat","embeddable":true,"href":"https:\/\/audiohypnosis.online\/de\/wp-json\/wp\/v2\/product_cat?post=171412"},{"taxonomy":"product_tag","embeddable":true,"href":"https:\/\/audiohypnosis.online\/de\/wp-json\/wp\/v2\/product_tag?post=171412"}],"curies":[{"name":"wp","href":"https:\/\/api.w.org\/{rel}","templated":true}]}}