{"id":17132,"date":"2023-10-14T09:09:13","date_gmt":"2023-10-14T07:09:13","guid":{"rendered":"http:\/\/audiohypnosis.online\/product\/stress-bei-der-fahrpruefung\/"},"modified":"2023-10-14T09:09:13","modified_gmt":"2023-10-14T07:09:13","slug":"fahrprufung-stress","status":"publish","type":"product","link":"https:\/\/audiohypnosis.online\/de\/produkt\/fahrprufung-stress\/","title":{"rendered":"Stress bei der Fahrpr\u00fcfung"},"content":{"rendered":"<p>Nerv\u00f6s wegen Ihrer bevorstehenden Fahrpr\u00fcfung? Unsere Audio-Hypnose-Sitzungen sind so konzipiert, dass sie Stress abbauen und die Konzentration verbessern. Sie erhalten 6 Audiodateien zum Herunterladen und ein Handbuch f\u00fcr beste Ergebnisse.<\/p>\n","protected":false},"excerpt":{"rendered":"<p>Nerv\u00f6s vor der Fahrpr\u00fcfung?<\/p>\n","protected":false},"featured_media":14183,"comment_status":"closed","ping_status":"closed","template":"","meta":[],"language":[1638,1662,1558],"product_cat":[1495],"product_tag":[1606,1791,1844,1843,1702],"class_list":{"0":"post-17132","1":"product","2":"type-product","3":"status-publish","4":"has-post-thumbnail","6":"language-de-de-2","7":"language-fr-de","8":"language-nl-de","9":"product_cat-selbstverbesserung","10":"product_tag-angste","11":"product_tag-emotionales-wohlbefinden","12":"product_tag-fahrprufungsstress","13":"product_tag-fokus","14":"product_tag-stress-de","15":"pa_languages-deutsch","16":"pa_languages-franzosisch","17":"pa_languages-niederlandisch","18":"pa_languages-portugiesisch-brasilien","19":"pa_languages-ukrainisch","21":"entry","22":"has-media","24":"first","25":"instock","26":"purchasable","27":"product-type-variable","28":"has-product-nav","29":"col","30":"span_1_of_4","31":"owp-content-center","32":"owp-thumbs-layout-horizontal","33":"owp-btn-big","34":"owp-tabs-layout-vertical","35":"has-no-thumbnails"},"acf":[],"aioseo_notices":[],"_links":{"self":[{"href":"https:\/\/audiohypnosis.online\/de\/wp-json\/wp\/v2\/product\/17132","targetHints":{"allow":["GET"]}}],"collection":[{"href":"https:\/\/audiohypnosis.online\/de\/wp-json\/wp\/v2\/product"}],"about":[{"href":"https:\/\/audiohypnosis.online\/de\/wp-json\/wp\/v2\/types\/product"}],"replies":[{"embeddable":true,"href":"https:\/\/audiohypnosis.online\/de\/wp-json\/wp\/v2\/comments?post=17132"}],"version-history":[{"count":0,"href":"https:\/\/audiohypnosis.online\/de\/wp-json\/wp\/v2\/product\/17132\/revisions"}],"wp:featuredmedia":[{"embeddable":true,"href":"https:\/\/audiohypnosis.online\/de\/wp-json\/wp\/v2\/media\/14183"}],"wp:attachment":[{"href":"https:\/\/audiohypnosis.online\/de\/wp-json\/wp\/v2\/media?parent=17132"}],"wp:term":[{"taxonomy":"language","embeddable":true,"href":"https:\/\/audiohypnosis.online\/de\/wp-json\/wp\/v2\/language?post=17132"},{"taxonomy":"product_cat","embeddable":true,"href":"https:\/\/audiohypnosis.online\/de\/wp-json\/wp\/v2\/product_cat?post=17132"},{"taxonomy":"product_tag","embeddable":true,"href":"https:\/\/audiohypnosis.online\/de\/wp-json\/wp\/v2\/product_tag?post=17132"}],"curies":[{"name":"wp","href":"https:\/\/api.w.org\/{rel}","templated":true}]}}