{"id":171216,"date":"2024-04-03T15:39:59","date_gmt":"2024-04-03T13:39:59","guid":{"rendered":"https:\/\/audiohypnosis.online\/?post_type=product&#038;p=171216"},"modified":"2024-04-25T09:42:27","modified_gmt":"2024-04-25T07:42:27","slug":"schlafwandeln","status":"publish","type":"product","link":"https:\/\/audiohypnosis.online\/de\/produkt\/schlafwandeln\/","title":{"rendered":"Schlafwandeln"},"content":{"rendered":"<p>Beginnen Sie heute Ihre Reise zu friedvollen N\u00e4chten. Unser Paket umfasst sechs Audiotracks, begleitet von einem umfassenden Handbuch, das eine effektive Intervention sicherstellt.<\/p>\n","protected":false},"excerpt":{"rendered":"<p>Verbessern Sie Ihre Schlafqualit\u00e4t und ergreifen Sie die Gelegenheit, die Kontrolle \u00fcber Ihre N\u00e4chte zur\u00fcckzugewinnen.<\/p>\n","protected":false},"featured_media":168778,"comment_status":"closed","ping_status":"closed","template":"","meta":[],"language":[1638],"product_cat":[1498],"product_tag":[1640],"class_list":{"0":"post-171216","1":"product","2":"type-product","3":"status-publish","4":"has-post-thumbnail","6":"language-de-de-2","7":"product_cat-schlaf","8":"product_tag-wohlbefinden","9":"pa_languages-deutsch","11":"entry","12":"has-media","14":"first","15":"instock","16":"shipping-taxable","17":"purchasable","18":"product-type-variable","19":"has-product-nav","20":"col","21":"span_1_of_4","22":"owp-content-center","23":"owp-thumbs-layout-horizontal","24":"owp-btn-big","25":"owp-tabs-layout-vertical","26":"has-no-thumbnails"},"acf":[],"aioseo_notices":[],"_links":{"self":[{"href":"https:\/\/audiohypnosis.online\/de\/wp-json\/wp\/v2\/product\/171216","targetHints":{"allow":["GET"]}}],"collection":[{"href":"https:\/\/audiohypnosis.online\/de\/wp-json\/wp\/v2\/product"}],"about":[{"href":"https:\/\/audiohypnosis.online\/de\/wp-json\/wp\/v2\/types\/product"}],"replies":[{"embeddable":true,"href":"https:\/\/audiohypnosis.online\/de\/wp-json\/wp\/v2\/comments?post=171216"}],"version-history":[{"count":1,"href":"https:\/\/audiohypnosis.online\/de\/wp-json\/wp\/v2\/product\/171216\/revisions"}],"predecessor-version":[{"id":171218,"href":"https:\/\/audiohypnosis.online\/de\/wp-json\/wp\/v2\/product\/171216\/revisions\/171218"}],"wp:featuredmedia":[{"embeddable":true,"href":"https:\/\/audiohypnosis.online\/de\/wp-json\/wp\/v2\/media\/168778"}],"wp:attachment":[{"href":"https:\/\/audiohypnosis.online\/de\/wp-json\/wp\/v2\/media?parent=171216"}],"wp:term":[{"taxonomy":"language","embeddable":true,"href":"https:\/\/audiohypnosis.online\/de\/wp-json\/wp\/v2\/language?post=171216"},{"taxonomy":"product_cat","embeddable":true,"href":"https:\/\/audiohypnosis.online\/de\/wp-json\/wp\/v2\/product_cat?post=171216"},{"taxonomy":"product_tag","embeddable":true,"href":"https:\/\/audiohypnosis.online\/de\/wp-json\/wp\/v2\/product_tag?post=171216"}],"curies":[{"name":"wp","href":"https:\/\/api.w.org\/{rel}","templated":true}]}}