{"id":171121,"date":"2024-04-03T14:22:44","date_gmt":"2024-04-03T12:22:44","guid":{"rendered":"https:\/\/audiohypnosis.online\/?post_type=product&#038;p=171121"},"modified":"2024-04-23T13:17:27","modified_gmt":"2024-04-23T11:17:27","slug":"mehr-selbstachtung-gewinnen","status":"publish","type":"product","link":"https:\/\/audiohypnosis.online\/de\/produkt\/mehr-selbstachtung-gewinnen\/","title":{"rendered":"Mehr Selbstachtung gewinnen"},"content":{"rendered":"<p>Entdecken Sie unsere Audio-Hypnose-MP3s, die darauf abgestimmt sind, mehr Selbstachtung zu f\u00f6rdern, das Selbstvertrauen zu st\u00e4rken und pers\u00f6nliche Erm\u00e4chtigung zu unterst\u00fctzen. Beginnen Sie heute Ihre Reise zur Selbstfindung. Unser Paket umfasst sechs Audiotracks und ein detailliertes Handbuch, das eine tiefgreifende Transformation gew\u00e4hrleistet.<\/p>\n","protected":false},"excerpt":{"rendered":"<p>M\u00f6chten Sie mehr Selbstachtung entwickeln?<\/p>\n","protected":false},"featured_media":168792,"comment_status":"closed","ping_status":"closed","template":"","meta":[],"language":[1638,1558],"product_cat":[1495],"product_tag":[1923],"class_list":{"0":"post-171121","1":"product","2":"type-product","3":"status-publish","4":"has-post-thumbnail","6":"language-de-de-2","7":"language-nl-de","8":"product_cat-selbstverbesserung","9":"product_tag-erfolg","10":"pa_languages-deutsch","11":"pa_languages-niederlandisch","13":"entry","14":"has-media","16":"first","17":"instock","18":"shipping-taxable","19":"purchasable","20":"product-type-variable","21":"has-product-nav","22":"col","23":"span_1_of_4","24":"owp-content-center","25":"owp-thumbs-layout-horizontal","26":"owp-btn-big","27":"owp-tabs-layout-vertical","28":"has-no-thumbnails"},"acf":[],"aioseo_notices":[],"_links":{"self":[{"href":"https:\/\/audiohypnosis.online\/de\/wp-json\/wp\/v2\/product\/171121","targetHints":{"allow":["GET"]}}],"collection":[{"href":"https:\/\/audiohypnosis.online\/de\/wp-json\/wp\/v2\/product"}],"about":[{"href":"https:\/\/audiohypnosis.online\/de\/wp-json\/wp\/v2\/types\/product"}],"replies":[{"embeddable":true,"href":"https:\/\/audiohypnosis.online\/de\/wp-json\/wp\/v2\/comments?post=171121"}],"version-history":[{"count":1,"href":"https:\/\/audiohypnosis.online\/de\/wp-json\/wp\/v2\/product\/171121\/revisions"}],"predecessor-version":[{"id":171124,"href":"https:\/\/audiohypnosis.online\/de\/wp-json\/wp\/v2\/product\/171121\/revisions\/171124"}],"wp:featuredmedia":[{"embeddable":true,"href":"https:\/\/audiohypnosis.online\/de\/wp-json\/wp\/v2\/media\/168792"}],"wp:attachment":[{"href":"https:\/\/audiohypnosis.online\/de\/wp-json\/wp\/v2\/media?parent=171121"}],"wp:term":[{"taxonomy":"language","embeddable":true,"href":"https:\/\/audiohypnosis.online\/de\/wp-json\/wp\/v2\/language?post=171121"},{"taxonomy":"product_cat","embeddable":true,"href":"https:\/\/audiohypnosis.online\/de\/wp-json\/wp\/v2\/product_cat?post=171121"},{"taxonomy":"product_tag","embeddable":true,"href":"https:\/\/audiohypnosis.online\/de\/wp-json\/wp\/v2\/product_tag?post=171121"}],"curies":[{"name":"wp","href":"https:\/\/api.w.org\/{rel}","templated":true}]}}