{"id":171070,"date":"2024-04-03T13:06:25","date_gmt":"2024-04-03T11:06:25","guid":{"rendered":"https:\/\/audiohypnosis.online\/?post_type=product&#038;p=171070"},"modified":"2024-04-19T11:35:30","modified_gmt":"2024-04-19T09:35:30","slug":"sexuelle-erfuellung","status":"publish","type":"product","link":"https:\/\/audiohypnosis.online\/de\/produkt\/sexuelle-erfuellung\/","title":{"rendered":"Sexuelle Erf\u00fcllung"},"content":{"rendered":"<p>Steigern Sie Ihre intimen Erfahrungen und nutzen Sie die Gelegenheit, Ihre wildesten W\u00fcnsche zu \u00fcbertreffen. Unser Paket umfasst sechs Audiotracks, erg\u00e4nzt durch ein umfassendes Handbuch, das maximale Zufriedenheit gew\u00e4hrleistet.<\/p>\n","protected":false},"excerpt":{"rendered":"<p>M\u00f6chten Sie eine angenehmere Beziehung und ein besseres Sexualleben erreichen?<\/p>\n","protected":false},"featured_media":168834,"comment_status":"closed","ping_status":"closed","template":"","meta":[],"language":[1638,1558],"product_cat":[1497],"product_tag":[2011],"class_list":{"0":"post-171070","1":"product","2":"type-product","3":"status-publish","4":"has-post-thumbnail","6":"language-de-de-2","7":"language-nl-de","8":"product_cat-sexualitaet","9":"product_tag-verlangen-de","10":"pa_languages-deutsch","11":"pa_languages-niederlandisch","13":"entry","14":"has-media","16":"first","17":"instock","18":"shipping-taxable","19":"purchasable","20":"product-type-variable","21":"has-product-nav","22":"col","23":"span_1_of_4","24":"owp-content-center","25":"owp-thumbs-layout-horizontal","26":"owp-btn-big","27":"owp-tabs-layout-vertical","28":"has-no-thumbnails"},"acf":[],"aioseo_notices":[],"_links":{"self":[{"href":"https:\/\/audiohypnosis.online\/de\/wp-json\/wp\/v2\/product\/171070","targetHints":{"allow":["GET"]}}],"collection":[{"href":"https:\/\/audiohypnosis.online\/de\/wp-json\/wp\/v2\/product"}],"about":[{"href":"https:\/\/audiohypnosis.online\/de\/wp-json\/wp\/v2\/types\/product"}],"replies":[{"embeddable":true,"href":"https:\/\/audiohypnosis.online\/de\/wp-json\/wp\/v2\/comments?post=171070"}],"version-history":[{"count":1,"href":"https:\/\/audiohypnosis.online\/de\/wp-json\/wp\/v2\/product\/171070\/revisions"}],"predecessor-version":[{"id":171073,"href":"https:\/\/audiohypnosis.online\/de\/wp-json\/wp\/v2\/product\/171070\/revisions\/171073"}],"wp:featuredmedia":[{"embeddable":true,"href":"https:\/\/audiohypnosis.online\/de\/wp-json\/wp\/v2\/media\/168834"}],"wp:attachment":[{"href":"https:\/\/audiohypnosis.online\/de\/wp-json\/wp\/v2\/media?parent=171070"}],"wp:term":[{"taxonomy":"language","embeddable":true,"href":"https:\/\/audiohypnosis.online\/de\/wp-json\/wp\/v2\/language?post=171070"},{"taxonomy":"product_cat","embeddable":true,"href":"https:\/\/audiohypnosis.online\/de\/wp-json\/wp\/v2\/product_cat?post=171070"},{"taxonomy":"product_tag","embeddable":true,"href":"https:\/\/audiohypnosis.online\/de\/wp-json\/wp\/v2\/product_tag?post=171070"}],"curies":[{"name":"wp","href":"https:\/\/api.w.org\/{rel}","templated":true}]}}