{"id":170937,"date":"2024-03-18T13:38:35","date_gmt":"2024-03-18T12:38:35","guid":{"rendered":"https:\/\/audiohypnosis.online\/?post_type=product&#038;p=170937"},"modified":"2024-04-19T10:10:55","modified_gmt":"2024-04-19T08:10:55","slug":"optimale-leistung","status":"publish","type":"product","link":"https:\/\/audiohypnosis.online\/de\/produkt\/optimale-leistung\/","title":{"rendered":"Optimale Leistung"},"content":{"rendered":"<p>Tauchen Sie ein in unsere Sammlung von Audio-Hypnose-MP3s, die speziell darauf ausgerichtet sind, Ihre Konzentration, Ihre F\u00e4higkeiten und Ihre Gesamteffizienz zu verbessern. Beginnen Sie heute Ihre Reise zur H\u00f6chstleistung. Unser Paket umfasst sechs sorgf\u00e4ltig erstellte Audiodateien zusammen mit einem Handbuch, um maximale Ergebnisse zu gew\u00e4hrleisten.<\/p>\n","protected":false},"excerpt":{"rendered":"<p>Steigern Sie Ihre Leistung \u2013 nutzen Sie die Gelegenheit, Ihre Ziele zu \u00fcbertreffen.<\/p>\n","protected":false},"featured_media":166152,"comment_status":"closed","ping_status":"closed","template":"","meta":[],"language":[1638,1662,1558],"product_cat":[1495],"product_tag":[],"class_list":{"0":"post-170937","1":"product","2":"type-product","3":"status-publish","4":"has-post-thumbnail","6":"language-de-de-2","7":"language-fr-de","8":"language-nl-de","9":"product_cat-selbstverbesserung","10":"pa_languages-deutsch","11":"pa_languages-franzosisch","12":"pa_languages-niederlandisch","14":"entry","15":"has-media","17":"first","18":"instock","19":"shipping-taxable","20":"purchasable","21":"product-type-variable","22":"has-product-nav","23":"col","24":"span_1_of_4","25":"owp-content-center","26":"owp-thumbs-layout-horizontal","27":"owp-btn-big","28":"owp-tabs-layout-vertical","29":"has-no-thumbnails"},"acf":[],"aioseo_notices":[],"_links":{"self":[{"href":"https:\/\/audiohypnosis.online\/de\/wp-json\/wp\/v2\/product\/170937","targetHints":{"allow":["GET"]}}],"collection":[{"href":"https:\/\/audiohypnosis.online\/de\/wp-json\/wp\/v2\/product"}],"about":[{"href":"https:\/\/audiohypnosis.online\/de\/wp-json\/wp\/v2\/types\/product"}],"replies":[{"embeddable":true,"href":"https:\/\/audiohypnosis.online\/de\/wp-json\/wp\/v2\/comments?post=170937"}],"version-history":[{"count":1,"href":"https:\/\/audiohypnosis.online\/de\/wp-json\/wp\/v2\/product\/170937\/revisions"}],"predecessor-version":[{"id":170941,"href":"https:\/\/audiohypnosis.online\/de\/wp-json\/wp\/v2\/product\/170937\/revisions\/170941"}],"wp:featuredmedia":[{"embeddable":true,"href":"https:\/\/audiohypnosis.online\/de\/wp-json\/wp\/v2\/media\/166152"}],"wp:attachment":[{"href":"https:\/\/audiohypnosis.online\/de\/wp-json\/wp\/v2\/media?parent=170937"}],"wp:term":[{"taxonomy":"language","embeddable":true,"href":"https:\/\/audiohypnosis.online\/de\/wp-json\/wp\/v2\/language?post=170937"},{"taxonomy":"product_cat","embeddable":true,"href":"https:\/\/audiohypnosis.online\/de\/wp-json\/wp\/v2\/product_cat?post=170937"},{"taxonomy":"product_tag","embeddable":true,"href":"https:\/\/audiohypnosis.online\/de\/wp-json\/wp\/v2\/product_tag?post=170937"}],"curies":[{"name":"wp","href":"https:\/\/api.w.org\/{rel}","templated":true}]}}