{"id":17081,"date":"2023-10-14T09:09:13","date_gmt":"2023-10-14T07:09:13","guid":{"rendered":"http:\/\/audiohypnosis.online\/product\/trauernde\/"},"modified":"2023-10-14T09:09:13","modified_gmt":"2023-10-14T07:09:13","slug":"trauern","status":"publish","type":"product","link":"https:\/\/audiohypnosis.online\/de\/produkt\/trauern\/","title":{"rendered":"Trauernde"},"content":{"rendered":"<p>Sie trauern um einen Verlust? Unsere Audio-Hypnosesitzungen bieten emotionale Unterst\u00fctzung und Heilung. Das Paket enth\u00e4lt 6 verschiedene Audio-MP3s und ein Handbuch f\u00fcr effektive \u00dcbungen.<\/p>\n","protected":false},"excerpt":{"rendered":"<p>K\u00e4mpfen Sie mit dem Trauerprozess?<\/p>\n","protected":false},"featured_media":14189,"comment_status":"closed","ping_status":"closed","template":"","meta":[],"language":[1662,1558],"product_cat":[1489],"product_tag":[1791,1793,1822,1824,1823],"class_list":{"0":"post-17081","1":"product","2":"type-product","3":"status-publish","4":"has-post-thumbnail","6":"language-fr-de","7":"language-nl-de","8":"product_cat-emotionales-wohlbefinden","9":"product_tag-emotionales-wohlbefinden","10":"product_tag-heilung","11":"product_tag-trauernde","12":"product_tag-unterstutzung","13":"product_tag-verlust","14":"pa_languages-franzosisch","15":"pa_languages-niederlandisch","17":"entry","18":"has-media","20":"first","21":"instock","22":"purchasable","23":"product-type-variable","24":"has-product-nav","25":"col","26":"span_1_of_4","27":"owp-content-center","28":"owp-thumbs-layout-horizontal","29":"owp-btn-big","30":"owp-tabs-layout-vertical","31":"has-no-thumbnails"},"acf":[],"aioseo_notices":[],"_links":{"self":[{"href":"https:\/\/audiohypnosis.online\/de\/wp-json\/wp\/v2\/product\/17081","targetHints":{"allow":["GET"]}}],"collection":[{"href":"https:\/\/audiohypnosis.online\/de\/wp-json\/wp\/v2\/product"}],"about":[{"href":"https:\/\/audiohypnosis.online\/de\/wp-json\/wp\/v2\/types\/product"}],"replies":[{"embeddable":true,"href":"https:\/\/audiohypnosis.online\/de\/wp-json\/wp\/v2\/comments?post=17081"}],"version-history":[{"count":0,"href":"https:\/\/audiohypnosis.online\/de\/wp-json\/wp\/v2\/product\/17081\/revisions"}],"wp:featuredmedia":[{"embeddable":true,"href":"https:\/\/audiohypnosis.online\/de\/wp-json\/wp\/v2\/media\/14189"}],"wp:attachment":[{"href":"https:\/\/audiohypnosis.online\/de\/wp-json\/wp\/v2\/media?parent=17081"}],"wp:term":[{"taxonomy":"language","embeddable":true,"href":"https:\/\/audiohypnosis.online\/de\/wp-json\/wp\/v2\/language?post=17081"},{"taxonomy":"product_cat","embeddable":true,"href":"https:\/\/audiohypnosis.online\/de\/wp-json\/wp\/v2\/product_cat?post=17081"},{"taxonomy":"product_tag","embeddable":true,"href":"https:\/\/audiohypnosis.online\/de\/wp-json\/wp\/v2\/product_tag?post=17081"}],"curies":[{"name":"wp","href":"https:\/\/api.w.org\/{rel}","templated":true}]}}