{"id":17012,"date":"2023-10-14T09:09:13","date_gmt":"2023-10-14T07:09:13","guid":{"rendered":"http:\/\/audiohypnosis.online\/product\/schuldgefuehle\/"},"modified":"2023-10-14T09:09:13","modified_gmt":"2023-10-14T07:09:13","slug":"schuldgefuhle","status":"publish","type":"product","link":"https:\/\/audiohypnosis.online\/de\/produkt\/schuldgefuhle\/","title":{"rendered":"Schuldgef\u00fchle"},"content":{"rendered":"<p>Haben Sie mit Schuldgef\u00fchlen zu k\u00e4mpfen? Unsere Audio-Hypnose-MP3s sollen Ihnen helfen, zu heilen und weiterzukommen. Sie erhalten Zugang zu 6 herunterladbaren Audiodateien und einem Handbuch, das Sie auf Ihrer emotionalen Reise begleitet.<\/p>\n","protected":false},"excerpt":{"rendered":"<p>Brauchen Sie Hilfe im Umgang mit Schuldgef\u00fchlen?<\/p>\n","protected":false},"featured_media":14195,"comment_status":"closed","ping_status":"closed","template":"","meta":[],"language":[1638,1662,1558,2739],"product_cat":[1489],"product_tag":[1791,1793,1795,1794,1792],"class_list":{"0":"post-17012","1":"product","2":"type-product","3":"status-publish","4":"has-post-thumbnail","6":"language-de-de-2","7":"language-fr-de","8":"language-nl-de","9":"language-serbisch","10":"product_cat-emotionales-wohlbefinden","11":"product_tag-emotionales-wohlbefinden","12":"product_tag-heilung","13":"product_tag-psychische-gesundheit","14":"product_tag-schuldgefuhle","15":"product_tag-selbstfursorge","16":"pa_languages-deutsch","17":"pa_languages-franzosisch","18":"pa_languages-niederlandisch","19":"pa_languages-serbisch","21":"entry","22":"has-media","24":"first","25":"instock","26":"purchasable","27":"product-type-variable","28":"has-product-nav","29":"col","30":"span_1_of_4","31":"owp-content-center","32":"owp-thumbs-layout-horizontal","33":"owp-btn-big","34":"owp-tabs-layout-vertical","35":"has-no-thumbnails"},"acf":[],"aioseo_notices":[],"_links":{"self":[{"href":"https:\/\/audiohypnosis.online\/de\/wp-json\/wp\/v2\/product\/17012","targetHints":{"allow":["GET"]}}],"collection":[{"href":"https:\/\/audiohypnosis.online\/de\/wp-json\/wp\/v2\/product"}],"about":[{"href":"https:\/\/audiohypnosis.online\/de\/wp-json\/wp\/v2\/types\/product"}],"replies":[{"embeddable":true,"href":"https:\/\/audiohypnosis.online\/de\/wp-json\/wp\/v2\/comments?post=17012"}],"version-history":[{"count":0,"href":"https:\/\/audiohypnosis.online\/de\/wp-json\/wp\/v2\/product\/17012\/revisions"}],"wp:featuredmedia":[{"embeddable":true,"href":"https:\/\/audiohypnosis.online\/de\/wp-json\/wp\/v2\/media\/14195"}],"wp:attachment":[{"href":"https:\/\/audiohypnosis.online\/de\/wp-json\/wp\/v2\/media?parent=17012"}],"wp:term":[{"taxonomy":"language","embeddable":true,"href":"https:\/\/audiohypnosis.online\/de\/wp-json\/wp\/v2\/language?post=17012"},{"taxonomy":"product_cat","embeddable":true,"href":"https:\/\/audiohypnosis.online\/de\/wp-json\/wp\/v2\/product_cat?post=17012"},{"taxonomy":"product_tag","embeddable":true,"href":"https:\/\/audiohypnosis.online\/de\/wp-json\/wp\/v2\/product_tag?post=17012"}],"curies":[{"name":"wp","href":"https:\/\/api.w.org\/{rel}","templated":true}]}}