{"id":16740,"date":"2023-10-14T09:09:13","date_gmt":"2023-10-14T07:09:13","guid":{"rendered":"http:\/\/audiohypnosis.online\/product\/stottern\/"},"modified":"2023-11-01T10:30:04","modified_gmt":"2023-11-01T09:30:04","slug":"stottern","status":"publish","type":"product","link":"https:\/\/audiohypnosis.online\/de\/produkt\/stottern\/","title":{"rendered":"Stottern"},"content":{"rendered":"<p>Wollen Sie Ihr Stottern in den Griff bekommen? Unsere Audio-Hypnose-MP3s k\u00f6nnen Ihnen helfen, Ihr Sprechen besser zu kontrollieren. The package includes 6 audio files and a manual for effective practices.Das Paket enth\u00e4lt 6 Audiodateien und ein Handbuch f\u00fcr effektive \u00dcbungen.<\/p>\n","protected":false},"excerpt":{"rendered":"<p>Willst du dein Stottern kontrollieren?<\/p>\n","protected":false},"featured_media":14201,"comment_status":"closed","ping_status":"closed","template":"","meta":[],"language":[1638,1662,3055,1558,2739,2104],"product_cat":[1492],"product_tag":[2345,2344,2346,2347,2348],"class_list":{"0":"post-16740","1":"product","2":"type-product","3":"status-publish","4":"has-post-thumbnail","6":"language-de-de-2","7":"language-fr-de","8":"language-it-de","9":"language-nl-de","10":"language-serbisch","11":"language-es-de","12":"product_cat-gesundheit-und-wohlbefinden","13":"product_tag-gesundheit-de-2","14":"product_tag-kommunikation-de-2","15":"product_tag-selbstbeherrschung-de","16":"product_tag-sprache","17":"product_tag-wellness-de","18":"pa_languages-franzosisch","19":"pa_languages-italienisch","20":"pa_languages-niederlandisch","21":"pa_languages-serbisch","22":"pa_languages-spanisch","23":"pa_languages-ukrainisch","24":"pa_languages-ungarisch","26":"entry","27":"has-media","29":"first","30":"instock","31":"purchasable","32":"product-type-variable","33":"has-product-nav","34":"col","35":"span_1_of_4","36":"owp-content-center","37":"owp-thumbs-layout-horizontal","38":"owp-btn-big","39":"owp-tabs-layout-vertical","40":"has-no-thumbnails"},"acf":[],"aioseo_notices":[],"_links":{"self":[{"href":"https:\/\/audiohypnosis.online\/de\/wp-json\/wp\/v2\/product\/16740","targetHints":{"allow":["GET"]}}],"collection":[{"href":"https:\/\/audiohypnosis.online\/de\/wp-json\/wp\/v2\/product"}],"about":[{"href":"https:\/\/audiohypnosis.online\/de\/wp-json\/wp\/v2\/types\/product"}],"replies":[{"embeddable":true,"href":"https:\/\/audiohypnosis.online\/de\/wp-json\/wp\/v2\/comments?post=16740"}],"version-history":[{"count":0,"href":"https:\/\/audiohypnosis.online\/de\/wp-json\/wp\/v2\/product\/16740\/revisions"}],"wp:featuredmedia":[{"embeddable":true,"href":"https:\/\/audiohypnosis.online\/de\/wp-json\/wp\/v2\/media\/14201"}],"wp:attachment":[{"href":"https:\/\/audiohypnosis.online\/de\/wp-json\/wp\/v2\/media?parent=16740"}],"wp:term":[{"taxonomy":"language","embeddable":true,"href":"https:\/\/audiohypnosis.online\/de\/wp-json\/wp\/v2\/language?post=16740"},{"taxonomy":"product_cat","embeddable":true,"href":"https:\/\/audiohypnosis.online\/de\/wp-json\/wp\/v2\/product_cat?post=16740"},{"taxonomy":"product_tag","embeddable":true,"href":"https:\/\/audiohypnosis.online\/de\/wp-json\/wp\/v2\/product_tag?post=16740"}],"curies":[{"name":"wp","href":"https:\/\/api.w.org\/{rel}","templated":true}]}}