{"id":16684,"date":"2023-10-14T09:09:13","date_gmt":"2023-10-14T07:09:13","guid":{"rendered":"http:\/\/audiohypnosis.online\/product\/zaehneknirschen\/"},"modified":"2023-10-14T09:09:13","modified_gmt":"2023-10-14T07:09:13","slug":"zahneknirschen","status":"publish","type":"product","link":"https:\/\/audiohypnosis.online\/de\/produkt\/zahneknirschen\/","title":{"rendered":"Z\u00e4hneknirschen"},"content":{"rendered":"<p>Haben Sie mit Z\u00e4hneknirschen zu k\u00e4mpfen? Unsere Audio-Hypnosesitzungen helfen Ihnen, diese Angewohnheit in den Griff zu bekommen. Sie erhalten Zugang zu 6 herunterladbaren Audiodateien und einem Handbuch f\u00fcr beste Praktiken.<\/p>\n","protected":false},"excerpt":{"rendered":"<p>K\u00e4mpfen Sie mit Z\u00e4hneknirschen?<\/p>\n","protected":false},"featured_media":14207,"comment_status":"closed","ping_status":"closed","template":"","meta":[],"language":[1662,1558],"product_cat":[1492],"product_tag":[1639,1705,1703,1702,1704],"class_list":{"0":"post-16684","1":"product","2":"type-product","3":"status-publish","4":"has-post-thumbnail","6":"language-fr-de","7":"language-nl-de","8":"product_cat-gesundheit-und-wohlbefinden","9":"product_tag-gesundheit","10":"product_tag-schlaf","11":"product_tag-selbstbeherrschung","12":"product_tag-stress-de","13":"product_tag-zahnpflege","14":"pa_languages-franzosisch","15":"pa_languages-niederlandisch","16":"pa_languages-portugiesisch-brasilien","18":"entry","19":"has-media","21":"first","22":"instock","23":"purchasable","24":"product-type-variable","25":"has-product-nav","26":"col","27":"span_1_of_4","28":"owp-content-center","29":"owp-thumbs-layout-horizontal","30":"owp-btn-big","31":"owp-tabs-layout-vertical","32":"has-no-thumbnails"},"acf":[],"aioseo_notices":[],"_links":{"self":[{"href":"https:\/\/audiohypnosis.online\/de\/wp-json\/wp\/v2\/product\/16684","targetHints":{"allow":["GET"]}}],"collection":[{"href":"https:\/\/audiohypnosis.online\/de\/wp-json\/wp\/v2\/product"}],"about":[{"href":"https:\/\/audiohypnosis.online\/de\/wp-json\/wp\/v2\/types\/product"}],"replies":[{"embeddable":true,"href":"https:\/\/audiohypnosis.online\/de\/wp-json\/wp\/v2\/comments?post=16684"}],"version-history":[{"count":0,"href":"https:\/\/audiohypnosis.online\/de\/wp-json\/wp\/v2\/product\/16684\/revisions"}],"wp:featuredmedia":[{"embeddable":true,"href":"https:\/\/audiohypnosis.online\/de\/wp-json\/wp\/v2\/media\/14207"}],"wp:attachment":[{"href":"https:\/\/audiohypnosis.online\/de\/wp-json\/wp\/v2\/media?parent=16684"}],"wp:term":[{"taxonomy":"language","embeddable":true,"href":"https:\/\/audiohypnosis.online\/de\/wp-json\/wp\/v2\/language?post=16684"},{"taxonomy":"product_cat","embeddable":true,"href":"https:\/\/audiohypnosis.online\/de\/wp-json\/wp\/v2\/product_cat?post=16684"},{"taxonomy":"product_tag","embeddable":true,"href":"https:\/\/audiohypnosis.online\/de\/wp-json\/wp\/v2\/product_tag?post=16684"}],"curies":[{"name":"wp","href":"https:\/\/api.w.org\/{rel}","templated":true}]}}