{"id":16632,"date":"2023-10-14T09:09:13","date_gmt":"2023-10-14T07:09:13","guid":{"rendered":"http:\/\/audiohypnosis.online\/product\/das-tinnitus\/"},"modified":"2023-10-14T09:09:13","modified_gmt":"2023-10-14T07:09:13","slug":"tinnitus","status":"publish","type":"product","link":"https:\/\/audiohypnosis.online\/de\/produkt\/tinnitus\/","title":{"rendered":"Das Tinnitus"},"content":{"rendered":"<p>Leiden Sie unter st\u00e4ndigem Klingeln in den Ohren? Unsere Audio-Hypnose-MP3s zielen auf Linderung und Wohlbefinden ab. Das Paket enth\u00e4lt 6 verschiedene Audiodateien und ein Handbuch, das Sie zu einem ruhigeren Leben f\u00fchrt.<\/p>\n","protected":false},"excerpt":{"rendered":"<p>Brauchen Sie Linderung bei Tinnitus?<\/p>\n","protected":false},"featured_media":14213,"comment_status":"closed","ping_status":"closed","template":"","meta":[],"language":[1662,3055,1558],"product_cat":[1492],"product_tag":[1682,1639,1684,1683,1640],"class_list":{"0":"post-16632","1":"product","2":"type-product","3":"status-publish","4":"has-post-thumbnail","6":"language-fr-de","7":"language-it-de","8":"language-nl-de","9":"product_cat-gesundheit-und-wohlbefinden","10":"product_tag-erleichterung","11":"product_tag-gesundheit","12":"product_tag-klang","13":"product_tag-ohr","14":"product_tag-wohlbefinden","15":"pa_languages-franzosisch","16":"pa_languages-italienisch","17":"pa_languages-niederlandisch","19":"entry","20":"has-media","22":"first","23":"instock","24":"purchasable","25":"product-type-variable","26":"has-product-nav","27":"col","28":"span_1_of_4","29":"owp-content-center","30":"owp-thumbs-layout-horizontal","31":"owp-btn-big","32":"owp-tabs-layout-vertical","33":"has-no-thumbnails"},"acf":[],"aioseo_notices":[],"_links":{"self":[{"href":"https:\/\/audiohypnosis.online\/de\/wp-json\/wp\/v2\/product\/16632","targetHints":{"allow":["GET"]}}],"collection":[{"href":"https:\/\/audiohypnosis.online\/de\/wp-json\/wp\/v2\/product"}],"about":[{"href":"https:\/\/audiohypnosis.online\/de\/wp-json\/wp\/v2\/types\/product"}],"replies":[{"embeddable":true,"href":"https:\/\/audiohypnosis.online\/de\/wp-json\/wp\/v2\/comments?post=16632"}],"version-history":[{"count":0,"href":"https:\/\/audiohypnosis.online\/de\/wp-json\/wp\/v2\/product\/16632\/revisions"}],"wp:featuredmedia":[{"embeddable":true,"href":"https:\/\/audiohypnosis.online\/de\/wp-json\/wp\/v2\/media\/14213"}],"wp:attachment":[{"href":"https:\/\/audiohypnosis.online\/de\/wp-json\/wp\/v2\/media?parent=16632"}],"wp:term":[{"taxonomy":"language","embeddable":true,"href":"https:\/\/audiohypnosis.online\/de\/wp-json\/wp\/v2\/language?post=16632"},{"taxonomy":"product_cat","embeddable":true,"href":"https:\/\/audiohypnosis.online\/de\/wp-json\/wp\/v2\/product_cat?post=16632"},{"taxonomy":"product_tag","embeddable":true,"href":"https:\/\/audiohypnosis.online\/de\/wp-json\/wp\/v2\/product_tag?post=16632"}],"curies":[{"name":"wp","href":"https:\/\/api.w.org\/{rel}","templated":true}]}}