{"id":16568,"date":"2023-10-14T09:09:13","date_gmt":"2023-10-14T07:09:13","guid":{"rendered":"http:\/\/audiohypnosis.online\/product\/motivation-zur-koerperlichen-betaetigung-steigern\/"},"modified":"2023-10-20T13:58:11","modified_gmt":"2023-10-20T11:58:11","slug":"motivation-zur-korperlichen-betatigung-erhohen","status":"publish","type":"product","link":"https:\/\/audiohypnosis.online\/de\/produkt\/motivation-zur-korperlichen-betatigung-erhohen\/","title":{"rendered":"Motivation zur k\u00f6rperlichen Bet\u00e4tigung steigern"},"content":{"rendered":"<p>M\u00f6chten Sie aktiver sein? Unsere Audio-Hypnose-MP3s zielen darauf ab, Ihre Motivation f\u00fcr k\u00f6rperliche Aktivit\u00e4t zu steigern. Sie erhalten 6 Audiodateien zum Herunterladen und ein Handbuch f\u00fcr beste Ergebnisse.<\/p>\n","protected":false},"excerpt":{"rendered":"<p>Sie brauchen Motivation f\u00fcr k\u00f6rperliche Aktivit\u00e4t?<\/p>\n","protected":false},"featured_media":14039,"comment_status":"closed","ping_status":"closed","template":"","meta":[],"language":[1638,2096,1662,1558,2739,2104],"product_cat":[1495],"product_tag":[1641,1639,1663,1664,1640],"class_list":{"0":"post-16568","1":"product","2":"type-product","3":"status-publish","4":"has-post-thumbnail","6":"language-de-de-2","7":"language-en-de","8":"language-fr-de","9":"language-nl-de","10":"language-serbisch","11":"language-es-de","12":"product_cat-selbstverbesserung","13":"product_tag-bewegung","14":"product_tag-gesundheit","15":"product_tag-korperliche-aktivitat","16":"product_tag-motivierung","17":"product_tag-wohlbefinden","18":"pa_languages-deutsch","19":"pa_languages-englisch","20":"pa_languages-franzosisch","21":"pa_languages-niederlandisch","22":"pa_languages-polnisch","23":"pa_languages-portugiesisch-brasilien","24":"pa_languages-serbisch","25":"pa_languages-spanisch","26":"pa_languages-ukrainisch","27":"pa_languages-ungarisch","29":"entry","30":"has-media","32":"first","33":"instock","34":"purchasable","35":"product-type-variable","36":"has-product-nav","37":"col","38":"span_1_of_4","39":"owp-content-center","40":"owp-thumbs-layout-horizontal","41":"owp-btn-big","42":"owp-tabs-layout-vertical","43":"has-no-thumbnails"},"acf":[],"aioseo_notices":[],"_links":{"self":[{"href":"https:\/\/audiohypnosis.online\/de\/wp-json\/wp\/v2\/product\/16568","targetHints":{"allow":["GET"]}}],"collection":[{"href":"https:\/\/audiohypnosis.online\/de\/wp-json\/wp\/v2\/product"}],"about":[{"href":"https:\/\/audiohypnosis.online\/de\/wp-json\/wp\/v2\/types\/product"}],"replies":[{"embeddable":true,"href":"https:\/\/audiohypnosis.online\/de\/wp-json\/wp\/v2\/comments?post=16568"}],"version-history":[{"count":0,"href":"https:\/\/audiohypnosis.online\/de\/wp-json\/wp\/v2\/product\/16568\/revisions"}],"wp:featuredmedia":[{"embeddable":true,"href":"https:\/\/audiohypnosis.online\/de\/wp-json\/wp\/v2\/media\/14039"}],"wp:attachment":[{"href":"https:\/\/audiohypnosis.online\/de\/wp-json\/wp\/v2\/media?parent=16568"}],"wp:term":[{"taxonomy":"language","embeddable":true,"href":"https:\/\/audiohypnosis.online\/de\/wp-json\/wp\/v2\/language?post=16568"},{"taxonomy":"product_cat","embeddable":true,"href":"https:\/\/audiohypnosis.online\/de\/wp-json\/wp\/v2\/product_cat?post=16568"},{"taxonomy":"product_tag","embeddable":true,"href":"https:\/\/audiohypnosis.online\/de\/wp-json\/wp\/v2\/product_tag?post=16568"}],"curies":[{"name":"wp","href":"https:\/\/api.w.org\/{rel}","templated":true}]}}