{"id":16527,"date":"2023-10-14T09:09:13","date_gmt":"2023-10-14T07:09:13","guid":{"rendered":"http:\/\/audiohypnosis.online\/product\/gewichtsabnahme\/"},"modified":"2023-11-01T10:27:47","modified_gmt":"2023-11-01T09:27:47","slug":"gewichtsabnahme","status":"publish","type":"product","link":"https:\/\/audiohypnosis.online\/de\/produkt\/gewichtsabnahme\/","title":{"rendered":"Gewichtsabnahme"},"content":{"rendered":"<p>Wollen Sie Ihr Gewicht reduzieren? Unsere Audio-Hypnosesitzungen f\u00fchren Sie zu ges\u00fcnderen Ess- und Bewegungsgewohnheiten. Sie erhalten Zugang zu 6 herunterladbaren Audiodateien und einem Handbuch f\u00fcr beste Praktiken.<\/p>\n","protected":false},"excerpt":{"rendered":"<p>M\u00f6chten Sie ein paar Pfunde loswerden?<\/p>\n","protected":false},"featured_media":14219,"comment_status":"closed","ping_status":"closed","template":"","meta":[],"language":[1638,1662,3055,1558,2739,2104],"product_cat":[1500],"product_tag":[2343,2340,2342,2341],"class_list":{"0":"post-16527","1":"product","2":"type-product","3":"status-publish","4":"has-post-thumbnail","6":"language-de-de-2","7":"language-fr-de","8":"language-it-de","9":"language-nl-de","10":"language-serbisch","11":"language-es-de","12":"product_cat-gewicht-de","13":"product_tag-abnehmen","14":"product_tag-dieta-de","15":"product_tag-gesundheit-de","16":"product_tag-ubungen","17":"pa_languages-deutsch","18":"pa_languages-franzosisch","19":"pa_languages-italienisch","20":"pa_languages-niederlandisch","21":"pa_languages-portugiesisch-brasilien","22":"pa_languages-serbisch","23":"pa_languages-spanisch","24":"pa_languages-ukrainisch","25":"pa_languages-ungarisch","27":"entry","28":"has-media","30":"first","31":"instock","32":"purchasable","33":"product-type-variable","34":"has-product-nav","35":"col","36":"span_1_of_4","37":"owp-content-center","38":"owp-thumbs-layout-horizontal","39":"owp-btn-big","40":"owp-tabs-layout-vertical","41":"has-no-thumbnails"},"acf":[],"aioseo_notices":[],"_links":{"self":[{"href":"https:\/\/audiohypnosis.online\/de\/wp-json\/wp\/v2\/product\/16527","targetHints":{"allow":["GET"]}}],"collection":[{"href":"https:\/\/audiohypnosis.online\/de\/wp-json\/wp\/v2\/product"}],"about":[{"href":"https:\/\/audiohypnosis.online\/de\/wp-json\/wp\/v2\/types\/product"}],"replies":[{"embeddable":true,"href":"https:\/\/audiohypnosis.online\/de\/wp-json\/wp\/v2\/comments?post=16527"}],"version-history":[{"count":0,"href":"https:\/\/audiohypnosis.online\/de\/wp-json\/wp\/v2\/product\/16527\/revisions"}],"wp:featuredmedia":[{"embeddable":true,"href":"https:\/\/audiohypnosis.online\/de\/wp-json\/wp\/v2\/media\/14219"}],"wp:attachment":[{"href":"https:\/\/audiohypnosis.online\/de\/wp-json\/wp\/v2\/media?parent=16527"}],"wp:term":[{"taxonomy":"language","embeddable":true,"href":"https:\/\/audiohypnosis.online\/de\/wp-json\/wp\/v2\/language?post=16527"},{"taxonomy":"product_cat","embeddable":true,"href":"https:\/\/audiohypnosis.online\/de\/wp-json\/wp\/v2\/product_cat?post=16527"},{"taxonomy":"product_tag","embeddable":true,"href":"https:\/\/audiohypnosis.online\/de\/wp-json\/wp\/v2\/product_tag?post=16527"}],"curies":[{"name":"wp","href":"https:\/\/api.w.org\/{rel}","templated":true}]}}