{"id":16477,"date":"2023-10-14T09:09:13","date_gmt":"2023-10-14T07:09:13","guid":{"rendered":"http:\/\/audiohypnosis.online\/product\/flugangst\/"},"modified":"2023-10-14T09:09:13","modified_gmt":"2023-10-14T07:09:13","slug":"flugangst","status":"publish","type":"product","link":"https:\/\/audiohypnosis.online\/de\/produkt\/flugangst\/","title":{"rendered":"Flugangst"},"content":{"rendered":"<p>Haben Sie Angst vorm Fliegen? Unsere Audio-Hypnose-Sitzungen sollen Ihnen helfen, diese Angst zu \u00fcberwinden. Das Paket enth\u00e4lt 6 verschiedene Audio-MP3s und ein Handbuch f\u00fcr effektive \u00dcbungen.<\/p>\n","protected":false},"excerpt":{"rendered":"<p>\u00c4ngstlich vor dem Fliegen?<\/p>\n","protected":false},"featured_media":14297,"comment_status":"closed","ping_status":"closed","template":"","meta":[],"language":[1638,1558,2739],"product_cat":[1490],"product_tag":[1606,1609,1607,1608,1610],"class_list":{"0":"post-16477","1":"product","2":"type-product","3":"status-publish","4":"has-post-thumbnail","6":"language-de-de-2","7":"language-nl-de","8":"language-serbisch","9":"product_cat-aengste-und-phobien","10":"product_tag-angste","11":"product_tag-fliegen","12":"product_tag-furcht","13":"product_tag-phobie-de","14":"product_tag-reisen","15":"pa_languages-deutsch","16":"pa_languages-niederlandisch","17":"pa_languages-serbisch","19":"entry","20":"has-media","22":"first","23":"instock","24":"purchasable","25":"product-type-variable","26":"has-product-nav","27":"col","28":"span_1_of_4","29":"owp-content-center","30":"owp-thumbs-layout-horizontal","31":"owp-btn-big","32":"owp-tabs-layout-vertical","33":"has-no-thumbnails"},"acf":[],"aioseo_notices":[],"_links":{"self":[{"href":"https:\/\/audiohypnosis.online\/de\/wp-json\/wp\/v2\/product\/16477","targetHints":{"allow":["GET"]}}],"collection":[{"href":"https:\/\/audiohypnosis.online\/de\/wp-json\/wp\/v2\/product"}],"about":[{"href":"https:\/\/audiohypnosis.online\/de\/wp-json\/wp\/v2\/types\/product"}],"replies":[{"embeddable":true,"href":"https:\/\/audiohypnosis.online\/de\/wp-json\/wp\/v2\/comments?post=16477"}],"version-history":[{"count":0,"href":"https:\/\/audiohypnosis.online\/de\/wp-json\/wp\/v2\/product\/16477\/revisions"}],"wp:featuredmedia":[{"embeddable":true,"href":"https:\/\/audiohypnosis.online\/de\/wp-json\/wp\/v2\/media\/14297"}],"wp:attachment":[{"href":"https:\/\/audiohypnosis.online\/de\/wp-json\/wp\/v2\/media?parent=16477"}],"wp:term":[{"taxonomy":"language","embeddable":true,"href":"https:\/\/audiohypnosis.online\/de\/wp-json\/wp\/v2\/language?post=16477"},{"taxonomy":"product_cat","embeddable":true,"href":"https:\/\/audiohypnosis.online\/de\/wp-json\/wp\/v2\/product_cat?post=16477"},{"taxonomy":"product_tag","embeddable":true,"href":"https:\/\/audiohypnosis.online\/de\/wp-json\/wp\/v2\/product_tag?post=16477"}],"curies":[{"name":"wp","href":"https:\/\/api.w.org\/{rel}","templated":true}]}}