{"id":16349,"date":"2023-10-14T09:09:13","date_gmt":"2023-10-14T07:09:13","guid":{"rendered":"http:\/\/audiohypnosis.online\/product\/yips-putten\/"},"modified":"2023-10-21T09:10:56","modified_gmt":"2023-10-21T07:10:56","slug":"yips-putten","status":"publish","type":"product","link":"https:\/\/audiohypnosis.online\/de\/produkt\/yips-putten\/","title":{"rendered":"Yips (Golf Putting)"},"content":{"rendered":"<p>Haben Sie Schwierigkeiten mit dem Yips beim Putten beim Golf? Unsere Audio-Hypnose-Sitzungen k\u00f6nnen Ihnen dabei helfen, Ihre Konzentration und Ihr K\u00f6nnen wiederzuerlangen. Sie erhalten Zugang zu 6 herunterladbaren Audiodateien und einem Handbuch f\u00fcr beste Praktiken.<\/p>\n","protected":false},"excerpt":{"rendered":"<p>Haben Sie Probleme mit dem Yips beim Putten?<\/p>\n","protected":false},"featured_media":13967,"comment_status":"closed","ping_status":"closed","template":"","meta":[],"language":[1558],"product_cat":[1499],"product_tag":[1559,1562,1561,1563,1560],"class_list":{"0":"post-16349","1":"product","2":"type-product","3":"status-publish","4":"has-post-thumbnail","6":"language-nl-de","7":"product_cat-sport-und-spiele","8":"product_tag-freizeit","9":"product_tag-geschicklichkeit","10":"product_tag-golf-de","11":"product_tag-putten-de","12":"product_tag-sport-de","13":"pa_languages-niederlandisch","15":"entry","16":"has-media","18":"first","19":"instock","20":"purchasable","21":"product-type-variable","22":"has-product-nav","23":"col","24":"span_1_of_4","25":"owp-content-center","26":"owp-thumbs-layout-horizontal","27":"owp-btn-big","28":"owp-tabs-layout-vertical","29":"has-no-thumbnails"},"acf":[],"aioseo_notices":[],"_links":{"self":[{"href":"https:\/\/audiohypnosis.online\/de\/wp-json\/wp\/v2\/product\/16349","targetHints":{"allow":["GET"]}}],"collection":[{"href":"https:\/\/audiohypnosis.online\/de\/wp-json\/wp\/v2\/product"}],"about":[{"href":"https:\/\/audiohypnosis.online\/de\/wp-json\/wp\/v2\/types\/product"}],"replies":[{"embeddable":true,"href":"https:\/\/audiohypnosis.online\/de\/wp-json\/wp\/v2\/comments?post=16349"}],"version-history":[{"count":0,"href":"https:\/\/audiohypnosis.online\/de\/wp-json\/wp\/v2\/product\/16349\/revisions"}],"wp:featuredmedia":[{"embeddable":true,"href":"https:\/\/audiohypnosis.online\/de\/wp-json\/wp\/v2\/media\/13967"}],"wp:attachment":[{"href":"https:\/\/audiohypnosis.online\/de\/wp-json\/wp\/v2\/media?parent=16349"}],"wp:term":[{"taxonomy":"language","embeddable":true,"href":"https:\/\/audiohypnosis.online\/de\/wp-json\/wp\/v2\/language?post=16349"},{"taxonomy":"product_cat","embeddable":true,"href":"https:\/\/audiohypnosis.online\/de\/wp-json\/wp\/v2\/product_cat?post=16349"},{"taxonomy":"product_tag","embeddable":true,"href":"https:\/\/audiohypnosis.online\/de\/wp-json\/wp\/v2\/product_tag?post=16349"}],"curies":[{"name":"wp","href":"https:\/\/api.w.org\/{rel}","templated":true}]}}