{"id":161028,"date":"2024-03-05T09:24:50","date_gmt":"2024-03-05T08:24:50","guid":{"rendered":"https:\/\/audiohypnosis.online\/?post_type=product&#038;p=161028"},"modified":"2024-04-12T22:37:22","modified_gmt":"2024-04-12T20:37:22","slug":"agoraphobie-copy","status":"publish","type":"product","link":"https:\/\/audiohypnosis.online\/de\/produkt\/agoraphobie-copy\/","title":{"rendered":"Umgang mit Reizen (ADHS)"},"content":{"rendered":"<p>F\u00fchlen Sie sich von anhaltenden Reizen und Ablenkungen \u00fcberw\u00e4ltigt? Unser Paket enth\u00e4lt 6 herunterladbare Audiodateien in verschiedenen Versionen, die Anleitungen bieten, um F\u00e4higkeiten im Umgang mit Reizen zu entwickeln und die Konzentration zu erh\u00f6hen, zusammen mit einem Handbuch f\u00fcr maximale Wirksamkeit.<\/p>\n","protected":false},"excerpt":{"rendered":"<p>Suchen Sie nach Ressourcen, um Ihnen beim Umgang mit den sensorischen Aspekten von ADHS zu helfen?<\/p>\n","protected":false},"featured_media":160997,"comment_status":"closed","ping_status":"closed","template":"","meta":[],"language":[1558],"product_cat":[1495],"product_tag":[],"class_list":{"0":"post-161028","1":"product","2":"type-product","3":"status-publish","4":"has-post-thumbnail","6":"language-nl-de","7":"product_cat-selbstverbesserung","8":"pa_languages-niederlandisch","10":"entry","11":"has-media","13":"first","14":"instock","15":"shipping-taxable","16":"purchasable","17":"product-type-variable","18":"has-product-nav","19":"col","20":"span_1_of_4","21":"owp-content-center","22":"owp-thumbs-layout-horizontal","23":"owp-btn-big","24":"owp-tabs-layout-vertical","25":"has-no-thumbnails"},"acf":[],"aioseo_notices":[],"_links":{"self":[{"href":"https:\/\/audiohypnosis.online\/de\/wp-json\/wp\/v2\/product\/161028","targetHints":{"allow":["GET"]}}],"collection":[{"href":"https:\/\/audiohypnosis.online\/de\/wp-json\/wp\/v2\/product"}],"about":[{"href":"https:\/\/audiohypnosis.online\/de\/wp-json\/wp\/v2\/types\/product"}],"replies":[{"embeddable":true,"href":"https:\/\/audiohypnosis.online\/de\/wp-json\/wp\/v2\/comments?post=161028"}],"version-history":[{"count":3,"href":"https:\/\/audiohypnosis.online\/de\/wp-json\/wp\/v2\/product\/161028\/revisions"}],"predecessor-version":[{"id":170483,"href":"https:\/\/audiohypnosis.online\/de\/wp-json\/wp\/v2\/product\/161028\/revisions\/170483"}],"wp:featuredmedia":[{"embeddable":true,"href":"https:\/\/audiohypnosis.online\/de\/wp-json\/wp\/v2\/media\/160997"}],"wp:attachment":[{"href":"https:\/\/audiohypnosis.online\/de\/wp-json\/wp\/v2\/media?parent=161028"}],"wp:term":[{"taxonomy":"language","embeddable":true,"href":"https:\/\/audiohypnosis.online\/de\/wp-json\/wp\/v2\/language?post=161028"},{"taxonomy":"product_cat","embeddable":true,"href":"https:\/\/audiohypnosis.online\/de\/wp-json\/wp\/v2\/product_cat?post=161028"},{"taxonomy":"product_tag","embeddable":true,"href":"https:\/\/audiohypnosis.online\/de\/wp-json\/wp\/v2\/product_tag?post=161028"}],"curies":[{"name":"wp","href":"https:\/\/api.w.org\/{rel}","templated":true}]}}