{"id":153775,"date":"2024-01-11T14:41:43","date_gmt":"2024-01-11T13:41:43","guid":{"rendered":"https:\/\/audiohypnosis.online\/?post_type=product&#038;p=153775"},"modified":"2024-02-02T10:06:58","modified_gmt":"2024-02-02T09:06:58","slug":"rauchen-aufzuhoeren","status":"publish","type":"product","link":"https:\/\/audiohypnosis.online\/de\/produkt\/rauchen-aufzuhoeren\/","title":{"rendered":"Rauchen Aufzuh\u00f6ren"},"content":{"rendered":"<div class=\"flex-1 overflow-hidden\">\n<div class=\"react-scroll-to-bottom--css-azqzw-79elbk h-full\">\n<div class=\"react-scroll-to-bottom--css-azqzw-1n7m0yu\">\n<div class=\"flex flex-col pb-9 text-sm\">\n<div class=\"w-full text-token-text-primary\" data-testid=\"conversation-turn-15\">\n<div class=\"px-4 py-2 justify-center text-base md:gap-6 m-auto\">\n<div class=\"flex flex-1 text-base mx-auto gap-3 md:px-5 lg:px-1 xl:px-5 md:max-w-3xl lg:max-w-[40rem] xl:max-w-[48rem] group final-completion\">\n<div class=\"relative flex w-full flex-col lg:w-[calc(100%-115px)] agent-turn\">\n<div class=\"flex-col gap-1 md:gap-3\">\n<div class=\"flex flex-grow flex-col max-w-full\">\n<div class=\"min-h-[20px] text-message flex flex-col items-start gap-3 whitespace-pre-wrap break-words [.text-message+&amp;]:mt-5 overflow-x-auto\" data-message-author-role=\"assistant\" data-message-id=\"c3775955-8c7e-4803-8374-cb8c9c082dca\">\n<div class=\"markdown prose w-full break-words dark:prose-invert light\">\n<p><strong>Bist du bereit, f\u00fcr immer mit dem Rauchen aufzuh\u00f6ren?<\/strong><\/p>\n<p>Wir wissen, wie schwierig es sein kann. Vielleicht hast du schon verschiedene Methoden ausprobiert, um mit dem Rauchen aufzuh\u00f6ren, aber immer wieder f\u00e4llst du in alte Gewohnheiten zur\u00fcck. Dieser unkontrollierbare Drang, das Verlangen und die l\u00e4stigen Entzugssymptome machen es zu einer Herausforderung, die fast unm\u00f6glich zu bew\u00e4ltigen scheint.<\/p>\n<p>Aber stell dir einmal vor, wie es w\u00e4re, wenn du diesen Zigaretten f\u00fcr immer sagen k\u00f6nntest: <strong>&#8220;Nein danke, ich bin Nichtraucher&#8221;<\/strong>. Keine R\u00fcckf\u00e4lle, kein Gef\u00fchl von Verlust und absolut keine Entzugssymptome. Denke an die Freiheit, die gesundheitlichen Vorteile und das Geld, das du sparst!<\/p>\n<p>Genau das ist es, was unsere Hypnose-MP3 f\u00fcr das Aufh\u00f6ren mit dem Rauchen dir bieten kann. Unsere Sitzungen, gesprochen von zertifizierten Hypnotherapeuten, sind speziell darauf ausgelegt, dein Unterbewusstsein neu zu programmieren. Wir verwandeln dich vom Raucher zum stolzen Nichtraucher.<\/p>\n<p>Dein Unterbewusstsein spielt eine entscheidende Rolle bei deinen Rauchgewohnheiten. Unsere MP3s konzentrieren sich auf diesen Aspekt, indem sie Vorschl\u00e4ge verwenden, die dir helfen, die Idee des Rauchens fremd und unerw\u00fcnscht zu machen. Du wirst feststellen, dass sogar der Gedanke an eine Zigarette absurd erscheint.<\/p>\n<p><strong>Treffe jetzt die Entscheidung f\u00fcr ein ges\u00fcnderes Leben.<\/strong> Werde ein dauerhafter Nichtraucher, ohne Verlangen, Drang oder Verlust. Keine R\u00fcckf\u00e4lle mehr. Du verdienst ein rauchfreies Leben, und wir sind hier, um dir dabei zu helfen.<\/p>\n<\/div>\n<\/div>\n<\/div>\n<\/div>\n<\/div>\n<\/div>\n<\/div>\n<\/div>\n<\/div>\n<\/div>\n<\/div>\n<\/div>\n","protected":false},"excerpt":{"rendered":"<p>Finde den Schl\u00fcssel zum erfolgreichen Aufh\u00f6ren mit dem Rauchen! Sehnst du dich nach Freiheit von Zigaretten? \u2728<\/p>\n<p>Unsere Hypnose-MP3 bietet dir eine neue, effektive M\u00f6glichkeit, mit dem Rauchen aufzuh\u00f6ren!<\/p>\n","protected":false},"featured_media":151888,"comment_status":"closed","ping_status":"closed","template":"","meta":[],"language":[2096,1662,3055,1558],"product_cat":[1487],"product_tag":[1639,1954],"class_list":{"0":"post-153775","1":"product","2":"type-product","3":"status-publish","4":"has-post-thumbnail","6":"language-en-de","7":"language-fr-de","8":"language-it-de","9":"language-nl-de","10":"product_cat-suechte","11":"product_tag-gesundheit","12":"product_tag-sucht","13":"pa_languages-englisch","14":"pa_languages-franzosisch","15":"pa_languages-italienisch","16":"pa_languages-niederlandisch","17":"pa_languages-portugiesisch-brasilien","19":"entry","20":"has-media","22":"first","23":"instock","24":"shipping-taxable","25":"purchasable","26":"product-type-variable","27":"has-product-nav","28":"col","29":"span_1_of_4","30":"owp-content-center","31":"owp-thumbs-layout-horizontal","32":"owp-btn-big","33":"owp-tabs-layout-vertical","34":"has-no-thumbnails"},"acf":[],"aioseo_notices":[],"_links":{"self":[{"href":"https:\/\/audiohypnosis.online\/de\/wp-json\/wp\/v2\/product\/153775","targetHints":{"allow":["GET"]}}],"collection":[{"href":"https:\/\/audiohypnosis.online\/de\/wp-json\/wp\/v2\/product"}],"about":[{"href":"https:\/\/audiohypnosis.online\/de\/wp-json\/wp\/v2\/types\/product"}],"replies":[{"embeddable":true,"href":"https:\/\/audiohypnosis.online\/de\/wp-json\/wp\/v2\/comments?post=153775"}],"version-history":[{"count":1,"href":"https:\/\/audiohypnosis.online\/de\/wp-json\/wp\/v2\/product\/153775\/revisions"}],"predecessor-version":[{"id":153802,"href":"https:\/\/audiohypnosis.online\/de\/wp-json\/wp\/v2\/product\/153775\/revisions\/153802"}],"wp:featuredmedia":[{"embeddable":true,"href":"https:\/\/audiohypnosis.online\/de\/wp-json\/wp\/v2\/media\/151888"}],"wp:attachment":[{"href":"https:\/\/audiohypnosis.online\/de\/wp-json\/wp\/v2\/media?parent=153775"}],"wp:term":[{"taxonomy":"language","embeddable":true,"href":"https:\/\/audiohypnosis.online\/de\/wp-json\/wp\/v2\/language?post=153775"},{"taxonomy":"product_cat","embeddable":true,"href":"https:\/\/audiohypnosis.online\/de\/wp-json\/wp\/v2\/product_cat?post=153775"},{"taxonomy":"product_tag","embeddable":true,"href":"https:\/\/audiohypnosis.online\/de\/wp-json\/wp\/v2\/product_tag?post=153775"}],"curies":[{"name":"wp","href":"https:\/\/api.w.org\/{rel}","templated":true}]}}