{"id":151735,"date":"2024-01-23T10:21:39","date_gmt":"2024-01-23T09:21:39","guid":{"rendered":"https:\/\/audiohypnosis.online\/?post_type=product&#038;p=151735"},"modified":"2024-01-23T10:38:59","modified_gmt":"2024-01-23T09:38:59","slug":"agoraphobie","status":"publish","type":"product","link":"https:\/\/audiohypnosis.online\/de\/produkt\/agoraphobie\/","title":{"rendered":"Agoraphobie"},"content":{"rendered":"<p>F\u00fchlst du dich im erstickenden Griff der Agoraphobie gefangen und k\u00e4mpfst gegen eine unsichtbare Macht, die deine F\u00e4higkeit einschr\u00e4nkt, dich auf die Welt einzulassen? Unser Paket enth\u00e4lt 6 herunterladbare Audiodateien in verschiedenen Versionen, um Ihren Bed\u00fcrfnissen gerecht zu werden, zusammen mit einem Handbuch f\u00fcr maximale Effektivit\u00e4t.<\/p>\n","protected":false},"excerpt":{"rendered":"<p>Agoraphobie kann ein isolierender und belastender Zustand sein, der sich auf deine F\u00e4higkeit auswirkt, dich in \u00f6ffentlichen R\u00e4umen zurechtzufinden und deine sozialen Interaktionen zu behindern.<\/p>\n","protected":false},"featured_media":14171,"comment_status":"closed","ping_status":"closed","template":"","meta":[],"language":[1638,2096,1662,1558],"product_cat":[1490],"product_tag":[3125,1607,2332],"class_list":{"0":"post-151735","1":"product","2":"type-product","3":"status-publish","4":"has-post-thumbnail","6":"language-de-de-2","7":"language-en-de","8":"language-fr-de","9":"language-nl-de","10":"product_cat-aengste-und-phobien","11":"product_tag-agoraphobie","12":"product_tag-furcht","13":"product_tag-phobien","14":"pa_languages-deutsch","15":"pa_languages-englisch","16":"pa_languages-franzosisch","17":"pa_languages-niederlandisch","18":"pa_languages-ukrainisch","19":"pa_languages-ungarisch","21":"entry","22":"has-media","24":"first","25":"instock","26":"shipping-taxable","27":"purchasable","28":"product-type-variable","29":"has-product-nav","30":"col","31":"span_1_of_4","32":"owp-content-center","33":"owp-thumbs-layout-horizontal","34":"owp-btn-big","35":"owp-tabs-layout-vertical","36":"has-no-thumbnails"},"acf":[],"aioseo_notices":[],"_links":{"self":[{"href":"https:\/\/audiohypnosis.online\/de\/wp-json\/wp\/v2\/product\/151735","targetHints":{"allow":["GET"]}}],"collection":[{"href":"https:\/\/audiohypnosis.online\/de\/wp-json\/wp\/v2\/product"}],"about":[{"href":"https:\/\/audiohypnosis.online\/de\/wp-json\/wp\/v2\/types\/product"}],"replies":[{"embeddable":true,"href":"https:\/\/audiohypnosis.online\/de\/wp-json\/wp\/v2\/comments?post=151735"}],"version-history":[{"count":2,"href":"https:\/\/audiohypnosis.online\/de\/wp-json\/wp\/v2\/product\/151735\/revisions"}],"predecessor-version":[{"id":151875,"href":"https:\/\/audiohypnosis.online\/de\/wp-json\/wp\/v2\/product\/151735\/revisions\/151875"}],"wp:featuredmedia":[{"embeddable":true,"href":"https:\/\/audiohypnosis.online\/de\/wp-json\/wp\/v2\/media\/14171"}],"wp:attachment":[{"href":"https:\/\/audiohypnosis.online\/de\/wp-json\/wp\/v2\/media?parent=151735"}],"wp:term":[{"taxonomy":"language","embeddable":true,"href":"https:\/\/audiohypnosis.online\/de\/wp-json\/wp\/v2\/language?post=151735"},{"taxonomy":"product_cat","embeddable":true,"href":"https:\/\/audiohypnosis.online\/de\/wp-json\/wp\/v2\/product_cat?post=151735"},{"taxonomy":"product_tag","embeddable":true,"href":"https:\/\/audiohypnosis.online\/de\/wp-json\/wp\/v2\/product_tag?post=151735"}],"curies":[{"name":"wp","href":"https:\/\/api.w.org\/{rel}","templated":true}]}}