{"id":20869,"date":"2023-10-20T11:51:16","date_gmt":"2023-10-20T09:51:16","guid":{"rendered":"http:\/\/audiohypnosis.online\/privacy\/"},"modified":"2023-10-20T12:02:06","modified_gmt":"2023-10-20T10:02:06","slug":"privacy","status":"publish","type":"page","link":"https:\/\/audiohypnosis.online\/de\/privacy\/","title":{"rendered":"Privacy Policy"},"content":{"rendered":"\t\t<div data-elementor-type=\"wp-page\" data-elementor-id=\"20869\" class=\"elementor elementor-20869\" data-elementor-post-type=\"page\">\n\t\t\t\t<div class=\"elementor-element elementor-element-00c9fb4 e-flex e-con-boxed e-con e-parent\" data-id=\"00c9fb4\" data-element_type=\"container\">\n\t\t\t\t\t<div class=\"e-con-inner\">\n\t\t\t\t<div class=\"elementor-element elementor-element-e04adcf elementor-widget elementor-widget-heading\" data-id=\"e04adcf\" data-element_type=\"widget\" data-widget_type=\"heading.default\">\n\t\t\t\t<div class=\"elementor-widget-container\">\n\t\t\t<style>\/*! elementor - v3.23.0 - 23-07-2024 *\/\n.elementor-heading-title{padding:0;margin:0;line-height:1}.elementor-widget-heading .elementor-heading-title[class*=elementor-size-]>a{color:inherit;font-size:inherit;line-height:inherit}.elementor-widget-heading .elementor-heading-title.elementor-size-small{font-size:15px}.elementor-widget-heading .elementor-heading-title.elementor-size-medium{font-size:19px}.elementor-widget-heading .elementor-heading-title.elementor-size-large{font-size:29px}.elementor-widget-heading .elementor-heading-title.elementor-size-xl{font-size:39px}.elementor-widget-heading .elementor-heading-title.elementor-size-xxl{font-size:59px}<\/style><h1 class=\"elementor-heading-title elementor-size-default\">Datenschutzbestimmungen<\/h1>\t\t<\/div>\n\t\t\t\t<\/div>\n\t\t\t\t<div class=\"elementor-element elementor-element-a027b76 elementor-widget elementor-widget-text-editor\" data-id=\"a027b76\" data-element_type=\"widget\" data-widget_type=\"text-editor.default\">\n\t\t\t\t<div class=\"elementor-widget-container\">\n\t\t\t<style>\/*! elementor - v3.23.0 - 23-07-2024 *\/\n.elementor-widget-text-editor.elementor-drop-cap-view-stacked .elementor-drop-cap{background-color:#69727d;color:#fff}.elementor-widget-text-editor.elementor-drop-cap-view-framed .elementor-drop-cap{color:#69727d;border:3px solid;background-color:transparent}.elementor-widget-text-editor:not(.elementor-drop-cap-view-default) .elementor-drop-cap{margin-top:8px}.elementor-widget-text-editor:not(.elementor-drop-cap-view-default) .elementor-drop-cap-letter{width:1em;height:1em}.elementor-widget-text-editor .elementor-drop-cap{float:left;text-align:center;line-height:1;font-size:50px}.elementor-widget-text-editor .elementor-drop-cap-letter{display:inline-block}<\/style>\t\t\t\t<div class=\"flex-1 overflow-hidden\"><div class=\"react-scroll-to-bottom--css-snezn-79elbk h-full dark:bg-gray-800\"><div class=\"react-scroll-to-bottom--css-snezn-1n7m0yu\"><div class=\"flex flex-col text-sm dark:bg-gray-800\"><div class=\"group w-full text-token-text-primary border-b border-black\/10 gizmo:border-0 dark:border-gray-900\/50 gizmo:dark:border-0 bg-gray-50 gizmo:bg-transparent dark:bg-[#444654] gizmo:dark:bg-transparent\" data-testid=\"conversation-turn-41\"><div class=\"p-4 justify-center text-base md:gap-6 md:py-6 m-auto\"><div class=\"flex flex-1 gap-4 text-base mx-auto md:gap-6 gizmo:gap-3 gizmo:md:px-5 gizmo:lg:px-1 gizmo:xl:px-5 md:max-w-2xl lg:max-w-[38rem] gizmo:md:max-w-3xl gizmo:lg:max-w-[40rem] gizmo:xl:max-w-[48rem] xl:max-w-3xl }\"><div class=\"relative flex w-[calc(100%-50px)] flex-col gizmo:w-full lg:w-[calc(100%-115px)] agent-turn\"><div class=\"flex-col gap-1 md:gap-3\"><div class=\"flex flex-grow flex-col gap-3 max-w-full\"><div class=\"min-h-[20px] flex flex-col items-start gap-3 whitespace-pre-wrap break-words overflow-x-auto\"><div class=\"markdown prose w-full break-words dark:prose-invert light\"><div class=\"group w-full text-token-text-primary border-b border-black\/10 gizmo:border-0 dark:border-gray-900\/50 gizmo:dark:border-0 gizmo:bg-transparent dark:bg-gray-800 gizmo:dark:bg-transparent\" data-testid=\"conversation-turn-175\"><div class=\"p-4 justify-center text-base md:gap-6 md:py-6 m-auto\"><div class=\"flex flex-1 gap-4 text-base mx-auto md:gap-6 gizmo:gap-3 gizmo:md:px-5 gizmo:lg:px-1 gizmo:xl:px-5 md:max-w-2xl lg:max-w-[38rem] gizmo:md:max-w-3xl gizmo:lg:max-w-[40rem] gizmo:xl:max-w-[48rem] xl:max-w-3xl }\"><div class=\"flex-shrink-0 flex flex-col relative items-end\"><div>\u00a0<\/div><\/div><\/div><\/div><\/div><div class=\"group final-completion w-full text-token-text-primary border-b border-black\/10 gizmo:border-0 dark:border-gray-900\/50 gizmo:dark:border-0 bg-gray-50 gizmo:bg-transparent dark:bg-[#444654] gizmo:dark:bg-transparent\" data-testid=\"conversation-turn-176\"><div class=\"p-4 justify-center text-base md:gap-6 md:py-6 m-auto\"><div class=\"flex flex-1 gap-4 text-base mx-auto md:gap-6 gizmo:gap-3 gizmo:md:px-5 gizmo:lg:px-1 gizmo:xl:px-5 md:max-w-2xl lg:max-w-[38rem] gizmo:md:max-w-3xl gizmo:lg:max-w-[40rem] gizmo:xl:max-w-[48rem] xl:max-w-3xl }\"><div class=\"flex-shrink-0 flex flex-col relative items-end\"><div class=\"text-xs flex items-center justify-center gap-1 absolute left-0 top-2 -ml-4 -translate-x-full gizmo:top-1 gizmo:-ml-6 invisible\" style=\"text-align: center;\"><strong>Letzte Aktualisierung: Oktober 2023 <\/strong><\/div><div>\u00a0<\/div><div class=\"text-xs flex items-center justify-center gap-1 absolute left-0 top-2 -ml-4 -translate-x-full gizmo:top-1 gizmo:-ml-6 invisible\">Einf\u00fchrung<\/div><\/div><div class=\"relative flex w-[calc(100%-50px)] flex-col gizmo:w-full lg:w-[calc(100%-115px)] agent-turn\"><div class=\"flex-col gap-1 md:gap-3\"><div class=\"flex flex-grow flex-col gap-3 max-w-full\"><div class=\"min-h-[20px] flex flex-col items-start gap-3 whitespace-pre-wrap break-words overflow-x-auto\"><div class=\"markdown prose w-full break-words dark:prose-invert light\"><p>Vielen Dank, dass Sie sich f\u00fcr unsere Community bei AudioHypnosis.online entschieden haben, einem Service, der von The Spiral LTD mit Sitz in Bulgarien (&#8220;wir&#8221;, &#8220;uns&#8221;, &#8220;unser&#8221;) bereitgestellt wird. Wir setzen uns f\u00fcr den Schutz Ihrer pers\u00f6nlichen Informationen ein. Diese Datenschutzrichtlinie erl\u00e4utert, wie wir Ihre Informationen erfassen, verwenden, offenlegen und sch\u00fctzen, wenn Sie unsere Website AudioHypnosis.online besuchen.<\/p><p>Einwilligung<\/p><p>Mit der Nutzung unserer Website stimmen Sie unserer Datenschutzrichtlinie und ihren Bedingungen zu.<\/p><p>Welche Informationen wir sammeln<\/p><p>Wir erfassen Informationen, die Sie uns freiwillig zur Verf\u00fcgung stellen, wenn Sie sich auf unserer Website registrieren, eine Bestellung aufgeben und mit unseren Diensten interagieren. Dazu geh\u00f6ren:<\/p><p>Pers\u00f6nliche Identifikationsinformationen: Name, E-Mail-Adresse, Lieferadresse usw. Zahlungsinformationen: Kreditkartennummern, Zahlungsgateway-Details usw. Wie wir Ihre Informationen verwenden<\/p><p>Wir verwenden Ihre Informationen f\u00fcr verschiedene Zwecke, wie:<\/p><p>Zur Abwicklung Ihrer Bestellung und Verwaltung Ihres Kontos. Zur Verbesserung unserer Website und Dienstleistungen. Zur Kommunikation mit Ihnen, einschlie\u00dflich Kundenservice und Werbeangebote. Wie wir Ihre Informationen sch\u00fctzen<\/p><p>Ihre Privatsph\u00e4re ist uns wichtig. Wir implementieren eine Vielzahl von Sicherheitsma\u00dfnahmen, um die Sicherheit Ihrer pers\u00f6nlichen Informationen zu gew\u00e4hrleisten.<\/p><p>Datenspeicherung<\/p><p>Wir werden Ihre pers\u00f6nlichen Informationen nur so lange aufbewahren, wie es f\u00fcr die in dieser Datenschutzrichtlinie festgelegten Zwecke erforderlich ist.<\/p><p>Cookies<\/p><p>Wir verwenden Cookies, um Ihre Erfahrung auf unserer Website zu verbessern. Sie haben die M\u00f6glichkeit, Cookies \u00fcber Ihre Browsereinstellungen zu deaktivieren.<\/p><p>Links zu Drittanbietern<\/p><p>Unsere Website kann Links zu externen Websites enthalten, die nicht von uns betrieben werden. Wir sind nicht verantwortlich f\u00fcr die Datenschutzpraktiken dieser externen Websites.<\/p><p>Ihre Rechte<\/p><p>Sie haben das Recht, jederzeit Zugang zu Ihren pers\u00f6nlichen Informationen zu erhalten, sie zu korrigieren oder zu l\u00f6schen.<\/p><p>\u00c4nderungen dieser Datenschutzrichtlinie<\/p><p>Wir behalten uns das Recht vor, diese Datenschutzrichtlinie jederzeit zu \u00e4ndern. Bitte \u00fcberpr\u00fcfen Sie sie daher regelm\u00e4\u00dfig. \u00c4nderungen treten unmittelbar nach ihrer Ver\u00f6ffentlichung auf der Website in Kraft.<\/p><p>Kontaktieren Sie uns<\/p><p>Wenn Sie Fragen zu dieser Datenschutzrichtlinie haben, k\u00f6nnen Sie uns kontaktieren:<\/p><p>Per E-Mail: <a href=\"mailto:support@audiohypnosis.online\" target=\"_new\">support@audiohypnosis.online<\/a><\/p><\/div><\/div><\/div><\/div><\/div><\/div><\/div><\/div><\/div><\/div><\/div><\/div><\/div><\/div><\/div><\/div><\/div><\/div><\/div><\/div>\t\t\t\t\t\t<\/div>\n\t\t\t\t<\/div>\n\t\t\t\t\t<\/div>\n\t\t\t\t<\/div>\n\t\t\t\t<\/div>\n\t\t","protected":false},"excerpt":{"rendered":"<p>Datenschutzbestimmungen \u00a0Letzte Aktualisierung: Oktober 2023 \u00a0Einf\u00fchrung Vielen Dank, dass Sie sich f\u00fcr unsere Community bei AudioHypnosis.online entschieden haben, einem Service, der von The Spiral LTD mit Sitz in Bulgarien (&#8220;wir&#8221;, &#8220;uns&#8221;, &#8220;unser&#8221;) bereitgestellt wird. Wir setzen uns f\u00fcr den Schutz Ihrer pers\u00f6nlichen Informationen ein. Diese Datenschutzrichtlinie erl\u00e4utert, wie wir Ihre Informationen erfassen, verwenden, offenlegen und [&hellip;]<\/p>\n","protected":false},"author":1,"featured_media":0,"parent":0,"menu_order":0,"comment_status":"closed","ping_status":"closed","template":"elementor_theme","meta":{"footnotes":""},"wf_page_folders":[],"class_list":["post-20869","page","type-page","status-publish","hentry","entry","owp-thumbs-layout-horizontal","owp-btn-big","owp-tabs-layout-vertical","has-no-thumbnails","has-product-nav"],"acf":[],"aioseo_notices":[],"_links":{"self":[{"href":"https:\/\/audiohypnosis.online\/de\/wp-json\/wp\/v2\/pages\/20869","targetHints":{"allow":["GET"]}}],"collection":[{"href":"https:\/\/audiohypnosis.online\/de\/wp-json\/wp\/v2\/pages"}],"about":[{"href":"https:\/\/audiohypnosis.online\/de\/wp-json\/wp\/v2\/types\/page"}],"author":[{"embeddable":true,"href":"https:\/\/audiohypnosis.online\/de\/wp-json\/wp\/v2\/users\/1"}],"replies":[{"embeddable":true,"href":"https:\/\/audiohypnosis.online\/de\/wp-json\/wp\/v2\/comments?post=20869"}],"version-history":[{"count":0,"href":"https:\/\/audiohypnosis.online\/de\/wp-json\/wp\/v2\/pages\/20869\/revisions"}],"wp:attachment":[{"href":"https:\/\/audiohypnosis.online\/de\/wp-json\/wp\/v2\/media?parent=20869"}],"wp:term":[{"taxonomy":"wf_page_folders","embeddable":true,"href":"https:\/\/audiohypnosis.online\/de\/wp-json\/wp\/v2\/wf_page_folders?post=20869"}],"curies":[{"name":"wp","href":"https:\/\/api.w.org\/{rel}","templated":true}]}}