{"id":20505,"date":"2023-10-20T11:24:29","date_gmt":"2023-10-20T09:24:29","guid":{"rendered":"http:\/\/audiohypnosis.online\/audio-hypnosis-general-terms\/"},"modified":"2023-10-20T11:36:34","modified_gmt":"2023-10-20T09:36:34","slug":"audio-hypnosis-general-terms","status":"publish","type":"page","link":"https:\/\/audiohypnosis.online\/de\/audio-hypnosis-general-terms\/","title":{"rendered":"Audio Hypnosis &#8211; General Terms"},"content":{"rendered":"\t\t<div data-elementor-type=\"wp-page\" data-elementor-id=\"20505\" class=\"elementor elementor-20505 elementor-20376\" data-elementor-post-type=\"page\">\n\t\t\t\t<div class=\"elementor-element elementor-element-b83a8c9 e-flex e-con-boxed e-con e-parent\" data-id=\"b83a8c9\" data-element_type=\"container\" data-settings=\"{&quot;background_background&quot;:&quot;classic&quot;,&quot;shape_divider_top&quot;:&quot;mountains&quot;,&quot;shape_divider_bottom&quot;:&quot;mountains&quot;}\">\n\t\t\t\t\t<div class=\"e-con-inner\">\n\t\t\t\t<div class=\"elementor-shape elementor-shape-top\" data-negative=\"false\">\n\t\t\t<svg xmlns=\"http:\/\/www.w3.org\/2000\/svg\" viewBox=\"0 0 1000 100\" preserveAspectRatio=\"none\">\n\t<path class=\"elementor-shape-fill\" opacity=\"0.33\" d=\"M473,67.3c-203.9,88.3-263.1-34-320.3,0C66,119.1,0,59.7,0,59.7V0h1000v59.7 c0,0-62.1,26.1-94.9,29.3c-32.8,3.3-62.8-12.3-75.8-22.1C806,49.6,745.3,8.7,694.9,4.7S492.4,59,473,67.3z\"\/>\n\t<path class=\"elementor-shape-fill\" opacity=\"0.66\" d=\"M734,67.3c-45.5,0-77.2-23.2-129.1-39.1c-28.6-8.7-150.3-10.1-254,39.1 s-91.7-34.4-149.2,0C115.7,118.3,0,39.8,0,39.8V0h1000v36.5c0,0-28.2-18.5-92.1-18.5C810.2,18.1,775.7,67.3,734,67.3z\"\/>\n\t<path class=\"elementor-shape-fill\" d=\"M766.1,28.9c-200-57.5-266,65.5-395.1,19.5C242,1.8,242,5.4,184.8,20.6C128,35.8,132.3,44.9,89.9,52.5C28.6,63.7,0,0,0,0 h1000c0,0-9.9,40.9-83.6,48.1S829.6,47,766.1,28.9z\"\/>\n<\/svg>\t\t<\/div>\n\t\t\t\t<div class=\"elementor-shape elementor-shape-bottom\" data-negative=\"false\">\n\t\t\t<svg xmlns=\"http:\/\/www.w3.org\/2000\/svg\" viewBox=\"0 0 1000 100\" preserveAspectRatio=\"none\">\n\t<path class=\"elementor-shape-fill\" opacity=\"0.33\" d=\"M473,67.3c-203.9,88.3-263.1-34-320.3,0C66,119.1,0,59.7,0,59.7V0h1000v59.7 c0,0-62.1,26.1-94.9,29.3c-32.8,3.3-62.8-12.3-75.8-22.1C806,49.6,745.3,8.7,694.9,4.7S492.4,59,473,67.3z\"\/>\n\t<path class=\"elementor-shape-fill\" opacity=\"0.66\" d=\"M734,67.3c-45.5,0-77.2-23.2-129.1-39.1c-28.6-8.7-150.3-10.1-254,39.1 s-91.7-34.4-149.2,0C115.7,118.3,0,39.8,0,39.8V0h1000v36.5c0,0-28.2-18.5-92.1-18.5C810.2,18.1,775.7,67.3,734,67.3z\"\/>\n\t<path class=\"elementor-shape-fill\" d=\"M766.1,28.9c-200-57.5-266,65.5-395.1,19.5C242,1.8,242,5.4,184.8,20.6C128,35.8,132.3,44.9,89.9,52.5C28.6,63.7,0,0,0,0 h1000c0,0-9.9,40.9-83.6,48.1S829.6,47,766.1,28.9z\"\/>\n<\/svg>\t\t<\/div>\n\t\t\t\t\t<\/div>\n\t\t\t\t<\/div>\n\t\t<div class=\"elementor-element elementor-element-8481795 e-flex e-con-boxed e-con e-parent\" data-id=\"8481795\" data-element_type=\"container\">\n\t\t\t\t\t<div class=\"e-con-inner\">\n\t\t\t\t<div class=\"elementor-element elementor-element-1358c3d elementor-widget elementor-widget-heading\" data-id=\"1358c3d\" data-element_type=\"widget\" data-widget_type=\"heading.default\">\n\t\t\t\t<div class=\"elementor-widget-container\">\n\t\t\t<style>\/*! elementor - v3.23.0 - 23-07-2024 *\/\n.elementor-heading-title{padding:0;margin:0;line-height:1}.elementor-widget-heading .elementor-heading-title[class*=elementor-size-]>a{color:inherit;font-size:inherit;line-height:inherit}.elementor-widget-heading .elementor-heading-title.elementor-size-small{font-size:15px}.elementor-widget-heading .elementor-heading-title.elementor-size-medium{font-size:19px}.elementor-widget-heading .elementor-heading-title.elementor-size-large{font-size:29px}.elementor-widget-heading .elementor-heading-title.elementor-size-xl{font-size:39px}.elementor-widget-heading .elementor-heading-title.elementor-size-xxl{font-size:59px}<\/style><h1 class=\"elementor-heading-title elementor-size-default\">Allgemeine Bedingungen und Konditionen<\/h1>\t\t<\/div>\n\t\t\t\t<\/div>\n\t\t\t\t<div class=\"elementor-element elementor-element-ddbacb6 elementor-widget elementor-widget-heading\" data-id=\"ddbacb6\" data-element_type=\"widget\" data-widget_type=\"heading.default\">\n\t\t\t\t<div class=\"elementor-widget-container\">\n\t\t\t<h2 class=\"elementor-heading-title elementor-size-default\">Audiohypnosis.online betrieben von The Spiral LTD<\/h2>\t\t<\/div>\n\t\t\t\t<\/div>\n\t\t\t\t<div class=\"elementor-element elementor-element-126a4b9 elementor-widget elementor-widget-text-editor\" data-id=\"126a4b9\" data-element_type=\"widget\" data-widget_type=\"text-editor.default\">\n\t\t\t\t<div class=\"elementor-widget-container\">\n\t\t\t<style>\/*! elementor - v3.23.0 - 23-07-2024 *\/\n.elementor-widget-text-editor.elementor-drop-cap-view-stacked .elementor-drop-cap{background-color:#69727d;color:#fff}.elementor-widget-text-editor.elementor-drop-cap-view-framed .elementor-drop-cap{color:#69727d;border:3px solid;background-color:transparent}.elementor-widget-text-editor:not(.elementor-drop-cap-view-default) .elementor-drop-cap{margin-top:8px}.elementor-widget-text-editor:not(.elementor-drop-cap-view-default) .elementor-drop-cap-letter{width:1em;height:1em}.elementor-widget-text-editor .elementor-drop-cap{float:left;text-align:center;line-height:1;font-size:50px}.elementor-widget-text-editor .elementor-drop-cap-letter{display:inline-block}<\/style>\t\t\t\t<h3>Zuletzt aktualisiert: Oktober 2023<\/h3>\n\n<hr \/>\n\n<h2>Einf\u00fchrung<\/h2>\nVielen Dank f\u00fcr Ihren Besuch bei AudioHypnosis.online, einem Service von The Spiral LTD (&#8220;wir&#8221;, &#8220;uns&#8221;, &#8220;unser&#8221;), ans\u00e4ssig in Bulgarien. Diese Allgemeinen Gesch\u00e4ftsbedingungen regeln die Nutzung unserer Website und den Kauf der darauf angebotenen Produkte und Dienstleistungen.\n\n<hr \/>\n\n<h2>Akzeptanz der Bedingungen<\/h2>\nDurch den Zugriff auf diese Website oder deren Nutzung erkl\u00e4ren Sie sich mit diesen Gesch\u00e4ftsbedingungen einverstanden. Wenn Sie mit einem Teil dieser Bedingungen nicht einverstanden sind, nutzen Sie bitte unsere Website nicht.\n\n<hr \/>\n\n<h2>Benutzerkonten<\/h2>\nUm bei AudioHypnosis.online einzukaufen, m\u00fcssen Sie m\u00f6glicherweise ein Konto erstellen. Sie erkl\u00e4ren sich damit einverstanden, genaue und aktuelle Informationen anzugeben und Ihr Konto sicher zu halten.\n\n<hr \/>\n\n<h2>K\u00e4ufe<\/h2>\n<h3>Preis<\/h3>\nDer Preis f\u00fcr jedes Produkt oder Dienstleistung ist auf unserer Website angegeben. Wir behalten uns das Recht vor, die Preise jederzeit ohne Vorank\u00fcndigung zu \u00e4ndern.\n<h3>Zahlung<\/h3>\nAlle Zahlungen werden sicher \u00fcber unsere Online-Zahlungsschnittstelle abgewickelt. Ihre Zahlungsinformationen werden gem\u00e4\u00df unserer Datenschutzrichtlinie gespeichert und verarbeitet.\n\n<hr \/>\n\n<h2>Lieferung<\/h2>\nDigitale Produkte werden \u00fcber einen Download-Link oder Online-Streaming bereitgestellt. Der Zugang zu Ihren erworbenen Produkten wird gew\u00e4hrt, sobald die Zahlung verifiziert wurde.\n\n<hr \/>\n\n<h2>R\u00fcckerstattungen und R\u00fcckgaben<\/h2>\nAufgrund des digitalen Charakters unserer Produkte sind alle Verk\u00e4ufe endg\u00fcltig. R\u00fcckerstattungen werden nur in F\u00e4llen gew\u00e4hrt, in denen das Produkt nicht geliefert wurde oder falsch dargestellt wurde.\n\n<hr \/>\n\n<h2>Geistiges Eigentum<\/h2>\nAlle Materialien auf dieser Website, einschlie\u00dflich digitaler Produkte, sind das geistige Eigentum von The Spiral LTD und durch Urheberrechtsgesetze gesch\u00fctzt.\n\n<hr \/>\n\n<h2>K\u00fcndigung<\/h2>\nWir behalten uns das Recht vor, Ihr Konto und den Zugang zu unseren Diensten bei Versto\u00df gegen diese Bedingungen zu k\u00fcndigen.\n\n<hr \/>\n\n<h2>Haftungsbeschr\u00e4nkung<\/h2>\nThe Spiral LTD haftet nicht f\u00fcr direkte oder indirekte Sch\u00e4den, die durch die Nutzung unserer Website oder Produkte entstehen.\n\n<hr \/>\n\n<h2>Anwendbares Recht<\/h2>\nDiese Gesch\u00e4ftsbedingungen unterliegen dem Recht von Bulgarien. Jegliche Streitigkeiten werden durch bulgarische Gerichte gekl\u00e4rt.\n\n<hr \/>\n\n<h2>\u00c4nderungen der Bedingungen<\/h2>\nWir behalten uns das Recht vor, diese Gesch\u00e4ftsbedingungen jederzeit zu \u00e4ndern. \u00c4nderungen werden auf dieser Seite ver\u00f6ffentlicht.\n\n<hr \/>\n\n<h2>Kontaktinformationen<\/h2>\nBei Fragen oder Bedenken erreichen Sie uns unter:\nE-Mail: <a href=\"mailto:support@audiohypnosis.online\" target=\"_new\">support@audiohypnosis.online<\/a>\n\n<hr \/>\n\nVielen Dank f\u00fcr die Wahl von AudioHypnosis.online und The Spiral LTD. Wir freuen uns darauf, Ihnen zu dienen.\n\t\t\t\t\t\t<\/div>\n\t\t\t\t<\/div>\n\t\t\t\t\t<\/div>\n\t\t\t\t<\/div>\n\t\t\t\t<\/div>\n\t\t","protected":false},"excerpt":{"rendered":"<p>Allgemeine Bedingungen und Konditionen Audiohypnosis.online betrieben von The Spiral LTD Zuletzt aktualisiert: Oktober 2023 Einf\u00fchrung Vielen Dank f\u00fcr Ihren Besuch bei AudioHypnosis.online, einem Service von The Spiral LTD (&#8220;wir&#8221;, &#8220;uns&#8221;, &#8220;unser&#8221;), ans\u00e4ssig in Bulgarien. Diese Allgemeinen Gesch\u00e4ftsbedingungen regeln die Nutzung unserer Website und den Kauf der darauf angebotenen Produkte und Dienstleistungen. Akzeptanz der Bedingungen Durch [&hellip;]<\/p>\n","protected":false},"author":1,"featured_media":0,"parent":0,"menu_order":0,"comment_status":"closed","ping_status":"closed","template":"elementor_theme","meta":{"footnotes":""},"wf_page_folders":[],"class_list":["post-20505","page","type-page","status-publish","hentry","entry","owp-thumbs-layout-horizontal","owp-btn-big","owp-tabs-layout-vertical","has-no-thumbnails","has-product-nav"],"acf":[],"aioseo_notices":[],"_links":{"self":[{"href":"https:\/\/audiohypnosis.online\/de\/wp-json\/wp\/v2\/pages\/20505","targetHints":{"allow":["GET"]}}],"collection":[{"href":"https:\/\/audiohypnosis.online\/de\/wp-json\/wp\/v2\/pages"}],"about":[{"href":"https:\/\/audiohypnosis.online\/de\/wp-json\/wp\/v2\/types\/page"}],"author":[{"embeddable":true,"href":"https:\/\/audiohypnosis.online\/de\/wp-json\/wp\/v2\/users\/1"}],"replies":[{"embeddable":true,"href":"https:\/\/audiohypnosis.online\/de\/wp-json\/wp\/v2\/comments?post=20505"}],"version-history":[{"count":0,"href":"https:\/\/audiohypnosis.online\/de\/wp-json\/wp\/v2\/pages\/20505\/revisions"}],"wp:attachment":[{"href":"https:\/\/audiohypnosis.online\/de\/wp-json\/wp\/v2\/media?parent=20505"}],"wp:term":[{"taxonomy":"wf_page_folders","embeddable":true,"href":"https:\/\/audiohypnosis.online\/de\/wp-json\/wp\/v2\/wf_page_folders?post=20505"}],"curies":[{"name":"wp","href":"https:\/\/api.w.org\/{rel}","templated":true}]}}